{"id":909,"date":"2022-05-02T15:33:34","date_gmt":"2022-05-02T13:33:34","guid":{"rendered":"https:\/\/elwood.agency\/?page_id=909"},"modified":"2022-07-25T10:26:16","modified_gmt":"2022-07-25T08:26:16","slug":"e-products-configurator","status":"publish","type":"page","link":"https:\/\/elwood.agency\/it\/e-products-configurator\/","title":{"rendered":"E-products configurator"},"content":{"rendered":"\t\t<div data-elementor-type=\"wp-page\" data-elementor-id=\"909\" class=\"elementor elementor-909\" data-elementor-post-type=\"page\">\n\t\t\t\t\t\t<section class=\"elementor-section elementor-top-section elementor-element elementor-element-6881e1fe elementor-reverse-mobile elementor-section-boxed elementor-section-height-default elementor-section-height-default\" data-id=\"6881e1fe\" data-element_type=\"section\">\n\t\t\t\t\t\t<div class=\"elementor-container elementor-column-gap-default\">\n\t\t\t\t\t<div class=\"elementor-column elementor-col-100 elementor-top-column elementor-element elementor-element-269b6850\" data-id=\"269b6850\" data-element_type=\"column\">\n\t\t\t<div class=\"elementor-widget-wrap elementor-element-populated\">\n\t\t\t\t\t\t<div class=\"elementor-element elementor-element-62ffc4c7 size-20 pt-3 elementor-widget elementor-widget-text-editor\" data-id=\"62ffc4c7\" data-element_type=\"widget\" data-widget_type=\"text-editor.default\">\n\t\t\t\t<div class=\"elementor-widget-container\">\n\t\t\t\t\t\t\t\t\t<p class=\"p1\">Rendiamo l\u2019acquisto un\u2019<strong>esperienza immersiva<\/strong> grazie ai nostri configuratori di prodotto.<br>Le tipologie di configuratori che realizziamo sono perfette per la personalizzazione di gadget, abbigliamento, auto, prodotti da stampa, kit di cosmetici, food e molto altro.<\/p><p class=\"p1\"><br><\/p>\n<p><\/p>\n<h4>Non esiste progetto che non possiamo creare<\/h4>\n<p>per permettere ai tuoi users di toccare con mano un prodotto virtuale!<\/p><p><br><\/p>\n<p><\/p>\n<p>Un tool di questo genere pu\u00f2 davvero fare la differenza sull\u2019esperienza di acquisto:<\/p>\n<p class=\"p1\">pi\u00f9 \u00e8 fedele la previsione, pi\u00f9 \u00e8 convincente la vendita, per questo realizziamo <strong>configuratori facili da usare<\/strong> che siano il pi\u00f9 possibile vicini alla realt\u00e0.<\/p>\t\t\t\t\t\t\t\t<\/div>\n\t\t\t\t<\/div>\n\t\t\t\t\t<\/div>\n\t\t<\/div>\n\t\t\t\t\t<\/div>\n\t\t<\/section>\n\t\t\t\t<\/div>\n\t\t","protected":false},"excerpt":{"rendered":"<p>Rendiamo l\u2019acquisto un\u2019esperienza immersiva grazie ai nostri configuratori di prodotto. Le tipologie di configuratori che realizziamo sono perfette per la personalizzazione di gadget, abbigliamento, auto, prodotti da stampa, kit di cosmetici, food e molto altro. Non esiste progetto che non possiamo creare per permettere ai tuoi users di toccare con mano un prodotto virtuale! Un [&hellip;]<\/p>\n","protected":false},"author":1,"featured_media":0,"parent":0,"menu_order":0,"comment_status":"closed","ping_status":"closed","template":"sales-performance.php","meta":{"inline_featured_image":false,"footnotes":""},"class_list":["post-909","page","type-page","status-publish","hentry"],"_links":{"self":[{"href":"https:\/\/elwood.agency\/it\/wp-json\/wp\/v2\/pages\/909","targetHints":{"allow":["GET"]}}],"collection":[{"href":"https:\/\/elwood.agency\/it\/wp-json\/wp\/v2\/pages"}],"about":[{"href":"https:\/\/elwood.agency\/it\/wp-json\/wp\/v2\/types\/page"}],"author":[{"embeddable":true,"href":"https:\/\/elwood.agency\/it\/wp-json\/wp\/v2\/users\/1"}],"replies":[{"embeddable":true,"href":"https:\/\/elwood.agency\/it\/wp-json\/wp\/v2\/comments?post=909"}],"version-history":[{"count":0,"href":"https:\/\/elwood.agency\/it\/wp-json\/wp\/v2\/pages\/909\/revisions"}],"wp:attachment":[{"href":"https:\/\/elwood.agency\/it\/wp-json\/wp\/v2\/media?parent=909"}],"curies":[{"name":"wp","href":"https:\/\/api.w.org\/{rel}","templated":true}]}}