{"id":5135,"date":"2024-10-01T16:21:00","date_gmt":"2024-10-01T14:21:00","guid":{"rendered":"https:\/\/elwood.agency\/?page_id=5135"},"modified":"2025-10-07T14:37:09","modified_gmt":"2025-10-07T12:37:09","slug":"local-business","status":"publish","type":"page","link":"https:\/\/elwood.agency\/it\/local-business\/","title":{"rendered":"Local business"},"content":{"rendered":"\t\t<div data-elementor-type=\"wp-page\" data-elementor-id=\"5135\" class=\"elementor elementor-5135\" data-elementor-post-type=\"page\">\n\t\t\t\t\t\t<section class=\"elementor-section elementor-top-section elementor-element elementor-element-3b2ad72 elementor-section-boxed elementor-section-height-default elementor-section-height-default\" data-id=\"3b2ad72\" data-element_type=\"section\">\n\t\t\t\t\t\t<div class=\"elementor-container elementor-column-gap-default\">\n\t\t\t\t\t<div class=\"elementor-column elementor-col-100 elementor-top-column elementor-element elementor-element-3411b2c\" data-id=\"3411b2c\" data-element_type=\"column\">\n\t\t\t<div class=\"elementor-widget-wrap elementor-element-populated\">\n\t\t\t\t\t\t<div class=\"elementor-element elementor-element-76f41f9 size-28 elementor-widget elementor-widget-text-editor\" data-id=\"76f41f9\" data-element_type=\"widget\" data-widget_type=\"text-editor.default\">\n\t\t\t\t<div class=\"elementor-widget-container\">\n\t\t\t\t\t\t\t\t\t<p>Con <strong>Elwood<\/strong>, la tua attivit\u00e0 locale non passer\u00e0 pi\u00f9 inosservata.<\/p><p>\u00a0<\/p><p><strong>Contattaci<\/strong> per scoprire come possiamo trasformare il tuo business con le giuste tecnologie e strategie digitali.<\/p>\t\t\t\t\t\t\t\t<\/div>\n\t\t\t\t<\/div>\n\t\t\t\t\t<\/div>\n\t\t<\/div>\n\t\t\t\t\t<\/div>\n\t\t<\/section>\n\t\t\t\t<\/div>\n\t\t","protected":false},"excerpt":{"rendered":"<p>Google Business Profile Gestito in Modo Professionale \u00a0 La tua scheda Google My Business \u00e8 un elemento cruciale per attrarre clienti locali. Noi ci occupiamo di configurarla e gestirla al meglio, ottimizzando tutte le informazioni chiave (orari, indirizzo, numero di telefono, sito web) e arricchendola con foto professionali, descrizioni accurate e aggiornamenti regolari. \u00a0 Utilizziamo [&hellip;]<\/p>\n","protected":false},"author":1,"featured_media":0,"parent":0,"menu_order":0,"comment_status":"closed","ping_status":"closed","template":"standard.php","meta":{"inline_featured_image":false,"footnotes":""},"class_list":["post-5135","page","type-page","status-publish","hentry"],"_links":{"self":[{"href":"https:\/\/elwood.agency\/it\/wp-json\/wp\/v2\/pages\/5135","targetHints":{"allow":["GET"]}}],"collection":[{"href":"https:\/\/elwood.agency\/it\/wp-json\/wp\/v2\/pages"}],"about":[{"href":"https:\/\/elwood.agency\/it\/wp-json\/wp\/v2\/types\/page"}],"author":[{"embeddable":true,"href":"https:\/\/elwood.agency\/it\/wp-json\/wp\/v2\/users\/1"}],"replies":[{"embeddable":true,"href":"https:\/\/elwood.agency\/it\/wp-json\/wp\/v2\/comments?post=5135"}],"version-history":[{"count":24,"href":"https:\/\/elwood.agency\/it\/wp-json\/wp\/v2\/pages\/5135\/revisions"}],"predecessor-version":[{"id":18918,"href":"https:\/\/elwood.agency\/it\/wp-json\/wp\/v2\/pages\/5135\/revisions\/18918"}],"wp:attachment":[{"href":"https:\/\/elwood.agency\/it\/wp-json\/wp\/v2\/media?parent=5135"}],"curies":[{"name":"wp","href":"https:\/\/api.w.org\/{rel}","templated":true}]}}