{"id":441,"date":"2022-03-31T10:45:21","date_gmt":"2022-03-31T08:45:21","guid":{"rendered":"https:\/\/elwood.agency\/?page_id=441"},"modified":"2025-09-10T11:39:54","modified_gmt":"2025-09-10T09:39:54","slug":"sales-performance-2","status":"publish","type":"page","link":"https:\/\/elwood.agency\/it\/sales-performance-2\/","title":{"rendered":"Sales performance"},"content":{"rendered":"\t\t<div data-elementor-type=\"wp-page\" data-elementor-id=\"441\" class=\"elementor elementor-441\" data-elementor-post-type=\"page\">\n\t\t\t\t\t\t<section class=\"elementor-section elementor-top-section elementor-element elementor-element-d752ae4 elementor-reverse-mobile elementor-section-boxed elementor-section-height-default elementor-section-height-default\" data-id=\"d752ae4\" data-element_type=\"section\">\n\t\t\t\t\t\t<div class=\"elementor-container elementor-column-gap-default\">\n\t\t\t\t\t<div class=\"elementor-column elementor-col-100 elementor-top-column elementor-element elementor-element-8990966\" data-id=\"8990966\" data-element_type=\"column\">\n\t\t\t<div class=\"elementor-widget-wrap elementor-element-populated\">\n\t\t\t\t\t\t<div class=\"elementor-element elementor-element-d67af43 size-20  elementor-widget elementor-widget-text-editor\" data-id=\"d67af43\" data-element_type=\"widget\" data-widget_type=\"text-editor.default\">\n\t\t\t\t<div class=\"elementor-widget-container\">\n\t\t\t\t\t\t\t\t\t<p class=\"p1\">Elwood pianifica attentamente le attivit\u00e0 necessarie per aumentare la popolarit\u00e0 della tua azienda e di conseguenza <strong>raggiungere nuovi clienti<\/strong> e <strong>maggiori conversioni<\/strong>.<\/p><h4>Strutturiamo le nostre collaborazioni sul lungo periodo,<\/h4><p>con riunioni sistematiche che monitorano l\u2019andamento delle attivit\u00e0, le modificano e le migliorano per ottenerne il massimo rendimento.<br \/>Cominciamo con l\u2019analisi di ci\u00f2 che \u00e8 stato fatto e ne valutiamo le possibilit\u00e0 in base al target e agli obiettivi prefissati dal cliente.<\/p><p class=\"p1\">Il nostro scopo \u00e8 quello di <strong>allargare il tuo pubblico<\/strong> di riferimento, fornirti nuove idee e spunti per aggiungere prodotti\/servizi originali al tuo catalogo <strong>massimizzando il tuo fatturato<\/strong>.<\/p><p class=\"p1\">Il piano marketing di Elwood dura minimo 6 mesi: la giusta tempistica per raggiungere risultati visibili che si mantengono nel tempo.<\/p><p class=\"p1\">Vuoi sapere come funziona?<br \/><strong>Contattaci<\/strong> per un incontro senza impegno, ti mostreremo come funziona il mondo Elwood!<\/p>\t\t\t\t\t\t\t\t<\/div>\n\t\t\t\t<\/div>\n\t\t\t\t\t<\/div>\n\t\t<\/div>\n\t\t\t\t\t<\/div>\n\t\t<\/section>\n\t\t\t\t<\/div>\n\t\t","protected":false},"excerpt":{"rendered":"<p>Elwood pianifica attentamente le attivit\u00e0 necessarie per aumentare la popolarit\u00e0 della tua azienda e di conseguenza raggiungere nuovi clienti e maggiori conversioni. Strutturiamo le nostre collaborazioni sul lungo periodo, con riunioni sistematiche che monitorano l\u2019andamento delle attivit\u00e0, le modificano e le migliorano per ottenerne il massimo rendimento.Cominciamo con l\u2019analisi di ci\u00f2 che \u00e8 stato fatto [&hellip;]<\/p>\n","protected":false},"author":1,"featured_media":0,"parent":0,"menu_order":0,"comment_status":"closed","ping_status":"closed","template":"sales-performance.php","meta":{"inline_featured_image":false,"footnotes":""},"class_list":["post-441","page","type-page","status-publish","hentry"],"_links":{"self":[{"href":"https:\/\/elwood.agency\/it\/wp-json\/wp\/v2\/pages\/441","targetHints":{"allow":["GET"]}}],"collection":[{"href":"https:\/\/elwood.agency\/it\/wp-json\/wp\/v2\/pages"}],"about":[{"href":"https:\/\/elwood.agency\/it\/wp-json\/wp\/v2\/types\/page"}],"author":[{"embeddable":true,"href":"https:\/\/elwood.agency\/it\/wp-json\/wp\/v2\/users\/1"}],"replies":[{"embeddable":true,"href":"https:\/\/elwood.agency\/it\/wp-json\/wp\/v2\/comments?post=441"}],"version-history":[{"count":0,"href":"https:\/\/elwood.agency\/it\/wp-json\/wp\/v2\/pages\/441\/revisions"}],"wp:attachment":[{"href":"https:\/\/elwood.agency\/it\/wp-json\/wp\/v2\/media?parent=441"}],"curies":[{"name":"wp","href":"https:\/\/api.w.org\/{rel}","templated":true}]}}