{"id":3442,"date":"2023-04-28T16:02:28","date_gmt":"2023-04-28T14:02:28","guid":{"rendered":"https:\/\/elwood.agency\/?page_id=3442"},"modified":"2023-05-16T10:54:19","modified_gmt":"2023-05-16T08:54:19","slug":"sconti-e-preventivi","status":"publish","type":"page","link":"https:\/\/elwood.agency\/it\/b2b\/sconti-e-preventivi\/","title":{"rendered":"Sconti e preventivi"},"content":{"rendered":"\t\t<div data-elementor-type=\"wp-page\" data-elementor-id=\"3442\" class=\"elementor elementor-3442\" data-elementor-post-type=\"page\">\n\t\t\t\t\t\t<section class=\"elementor-section elementor-top-section elementor-element elementor-element-250235a elementor-section-full_width elementor-section-height-default elementor-section-height-default\" data-id=\"250235a\" data-element_type=\"section\">\n\t\t\t\t\t\t<div class=\"elementor-container elementor-column-gap-default\">\n\t\t\t\t\t<div class=\"elementor-column elementor-col-100 elementor-top-column elementor-element elementor-element-6e89593\" data-id=\"6e89593\" data-element_type=\"column\">\n\t\t\t<div class=\"elementor-widget-wrap elementor-element-populated\">\n\t\t\t\t\t\t<section class=\"elementor-section elementor-inner-section elementor-element elementor-element-a4b77fd elementor-section-boxed elementor-section-height-default elementor-section-height-default\" data-id=\"a4b77fd\" data-element_type=\"section\">\n\t\t\t\t\t\t<div class=\"elementor-container elementor-column-gap-default\">\n\t\t\t\t\t<div class=\"elementor-column elementor-col-50 elementor-inner-column elementor-element elementor-element-6ac5f74\" data-id=\"6ac5f74\" data-element_type=\"column\">\n\t\t\t<div class=\"elementor-widget-wrap elementor-element-populated\">\n\t\t\t\t\t\t<div class=\"elementor-element elementor-element-b56384e size-60 elementor-widget elementor-widget-heading\" data-id=\"b56384e\" data-element_type=\"widget\" data-widget_type=\"heading.default\">\n\t\t\t\t<div class=\"elementor-widget-container\">\n\t\t\t\t\t<h2 class=\"elementor-heading-title elementor-size-default\">Modulo preventivo<\/h2>\t\t\t\t<\/div>\n\t\t\t\t<\/div>\n\t\t\t\t<div class=\"elementor-element elementor-element-d2b8645 size-28 elementor-widget elementor-widget-text-editor\" data-id=\"d2b8645\" data-element_type=\"widget\" data-widget_type=\"text-editor.default\">\n\t\t\t\t<div class=\"elementor-widget-container\">\n\t\t\t\t\t\t\t\t\t<p>L&#8217;utente seleziona i prodotti desiderati inserendoli in un carrello virtuale per ottenere una quotazione esclusiva per i suoi acquisti.<br \/>Tramite l&#8217;interfaccia web la richiesta viene ricevuta e gestita direttamente via mail. Una volta approvato il preventivo, il carrello virtuale diventa effettivo per un check out immediato.<\/p>\t\t\t\t\t\t\t\t<\/div>\n\t\t\t\t<\/div>\n\t\t\t\t\t<\/div>\n\t\t<\/div>\n\t\t\t\t<div class=\"elementor-column elementor-col-50 elementor-inner-column elementor-element elementor-element-ed087c4\" data-id=\"ed087c4\" data-element_type=\"column\" data-settings=\"{&quot;background_background&quot;:&quot;classic&quot;}\">\n\t\t\t<div class=\"elementor-widget-wrap elementor-element-populated\">\n\t\t\t\t\t\t<div class=\"elementor-element elementor-element-92f701f elementor-widget elementor-widget-image\" data-id=\"92f701f\" data-element_type=\"widget\" data-widget_type=\"image.default\">\n\t\t\t\t<div class=\"elementor-widget-container\">\n\t\t\t\t\t\t\t\t\t\t\t\t\t\t\t<img fetchpriority=\"high\" decoding=\"async\" width=\"1160\" height=\"840\" src=\"https:\/\/elwood.agency\/wp-content\/uploads\/2023\/05\/modulo-preventivo.jpg\" class=\"attachment-full size-full wp-image-3561\" alt=\"\" srcset=\"https:\/\/elwood.agency\/wp-content\/uploads\/2023\/05\/modulo-preventivo.jpg 1160w, https:\/\/elwood.agency\/wp-content\/uploads\/2023\/05\/modulo-preventivo-300x217.jpg 300w, https:\/\/elwood.agency\/wp-content\/uploads\/2023\/05\/modulo-preventivo-1024x742.jpg 1024w, https:\/\/elwood.agency\/wp-content\/uploads\/2023\/05\/modulo-preventivo-768x556.jpg 768w\" sizes=\"(max-width: 1160px) 100vw, 1160px\" \/>\t\t\t\t\t\t\t\t\t\t\t\t\t\t\t<\/div>\n\t\t\t\t<\/div>\n\t\t\t\t\t<\/div>\n\t\t<\/div>\n\t\t\t\t\t<\/div>\n\t\t<\/section>\n\t\t\t\t\t<\/div>\n\t\t<\/div>\n\t\t\t\t\t<\/div>\n\t\t<\/section>\n\t\t\t\t<section class=\"elementor-section elementor-top-section elementor-element elementor-element-d041083 elementor-section-full_width elementor-section-height-default elementor-section-height-default\" data-id=\"d041083\" data-element_type=\"section\">\n\t\t\t\t\t\t<div class=\"elementor-container elementor-column-gap-default\">\n\t\t\t\t\t<div class=\"elementor-column elementor-col-100 elementor-top-column elementor-element elementor-element-6999748\" data-id=\"6999748\" data-element_type=\"column\">\n\t\t\t<div class=\"elementor-widget-wrap elementor-element-populated\">\n\t\t\t\t\t\t<section class=\"elementor-section elementor-inner-section elementor-element elementor-element-1636cb5 elementor-reverse-tablet elementor-reverse-mobile elementor-section-boxed elementor-section-height-default elementor-section-height-default\" data-id=\"1636cb5\" data-element_type=\"section\">\n\t\t\t\t\t\t<div class=\"elementor-container elementor-column-gap-default\">\n\t\t\t\t\t<div class=\"elementor-column elementor-col-50 elementor-inner-column elementor-element elementor-element-083abd6\" data-id=\"083abd6\" data-element_type=\"column\" data-settings=\"{&quot;background_background&quot;:&quot;classic&quot;}\">\n\t\t\t<div class=\"elementor-widget-wrap elementor-element-populated\">\n\t\t\t\t\t\t<div class=\"elementor-element elementor-element-46081cb elementor-widget elementor-widget-image\" data-id=\"46081cb\" data-element_type=\"widget\" data-widget_type=\"image.default\">\n\t\t\t\t<div class=\"elementor-widget-container\">\n\t\t\t\t\t\t\t\t\t\t\t\t\t\t\t<img decoding=\"async\" width=\"1160\" height=\"840\" src=\"https:\/\/elwood.agency\/wp-content\/uploads\/2023\/05\/modulo-spedizione.jpg\" class=\"attachment-full size-full wp-image-3563\" alt=\"\" srcset=\"https:\/\/elwood.agency\/wp-content\/uploads\/2023\/05\/modulo-spedizione.jpg 1160w, https:\/\/elwood.agency\/wp-content\/uploads\/2023\/05\/modulo-spedizione-300x217.jpg 300w, https:\/\/elwood.agency\/wp-content\/uploads\/2023\/05\/modulo-spedizione-1024x742.jpg 1024w, https:\/\/elwood.agency\/wp-content\/uploads\/2023\/05\/modulo-spedizione-768x556.jpg 768w\" sizes=\"(max-width: 1160px) 100vw, 1160px\" \/>\t\t\t\t\t\t\t\t\t\t\t\t\t\t\t<\/div>\n\t\t\t\t<\/div>\n\t\t\t\t\t<\/div>\n\t\t<\/div>\n\t\t\t\t<div class=\"elementor-column elementor-col-50 elementor-inner-column elementor-element elementor-element-92d601d\" data-id=\"92d601d\" data-element_type=\"column\">\n\t\t\t<div class=\"elementor-widget-wrap elementor-element-populated\">\n\t\t\t\t\t\t<div class=\"elementor-element elementor-element-aa8d565 size-60 elementor-widget elementor-widget-heading\" data-id=\"aa8d565\" data-element_type=\"widget\" data-widget_type=\"heading.default\">\n\t\t\t\t<div class=\"elementor-widget-container\">\n\t\t\t\t\t<h2 class=\"elementor-heading-title elementor-size-default\">Modulo spedizione<\/h2>\t\t\t\t<\/div>\n\t\t\t\t<\/div>\n\t\t\t\t<div class=\"elementor-element elementor-element-169b1e5 size-28 elementor-widget elementor-widget-text-editor\" data-id=\"169b1e5\" data-element_type=\"widget\" data-widget_type=\"text-editor.default\">\n\t\t\t\t<div class=\"elementor-widget-container\">\n\t\t\t\t\t\t\t\t\t<p>Una soluzione perfetta per formulare con calma i giusti costi di spedizione.<br \/>In fase di check out, dopo aver inserito tutti gli articoli a carrello, viene inoltrata una richiesta al merchant per la quotazione di un preventivo di spedizione. Una volta inserito il costo, il cliente pu\u00f2 procedere col check out e completare il processo di acquisto.<br \/><br \/><\/p>\t\t\t\t\t\t\t\t<\/div>\n\t\t\t\t<\/div>\n\t\t\t\t\t<\/div>\n\t\t<\/div>\n\t\t\t\t\t<\/div>\n\t\t<\/section>\n\t\t\t\t\t<\/div>\n\t\t<\/div>\n\t\t\t\t\t<\/div>\n\t\t<\/section>\n\t\t\t\t<section class=\"elementor-section elementor-top-section elementor-element elementor-element-39e54f1 elementor-section-full_width elementor-section-height-default elementor-section-height-default\" data-id=\"39e54f1\" data-element_type=\"section\">\n\t\t\t\t\t\t<div class=\"elementor-container elementor-column-gap-default\">\n\t\t\t\t\t<div class=\"elementor-column elementor-col-100 elementor-top-column elementor-element elementor-element-0ac5d58\" data-id=\"0ac5d58\" data-element_type=\"column\">\n\t\t\t<div class=\"elementor-widget-wrap elementor-element-populated\">\n\t\t\t\t\t\t<section class=\"elementor-section elementor-inner-section elementor-element elementor-element-3e53041 elementor-section-boxed elementor-section-height-default elementor-section-height-default\" data-id=\"3e53041\" data-element_type=\"section\">\n\t\t\t\t\t\t<div class=\"elementor-container elementor-column-gap-default\">\n\t\t\t\t\t<div class=\"elementor-column elementor-col-50 elementor-inner-column elementor-element elementor-element-f9c7e59\" data-id=\"f9c7e59\" data-element_type=\"column\">\n\t\t\t<div class=\"elementor-widget-wrap elementor-element-populated\">\n\t\t\t\t\t\t<div class=\"elementor-element elementor-element-831a4a8 size-60 elementor-widget elementor-widget-heading\" data-id=\"831a4a8\" data-element_type=\"widget\" data-widget_type=\"heading.default\">\n\t\t\t\t<div class=\"elementor-widget-container\">\n\t\t\t\t\t<h2 class=\"elementor-heading-title elementor-size-default\">Richiesta informazioni<\/h2>\t\t\t\t<\/div>\n\t\t\t\t<\/div>\n\t\t\t\t<div class=\"elementor-element elementor-element-13186ad size-28 elementor-widget elementor-widget-text-editor\" data-id=\"13186ad\" data-element_type=\"widget\" data-widget_type=\"text-editor.default\">\n\t\t\t\t<div class=\"elementor-widget-container\">\n\t\t\t\t\t\t\t\t\t<p>La soluzione ideata per inoltrare particolari richieste sui prodotti. Articoli in prevendita, acquisti cumulativi, riassortimento e tutte le specifiche di cui il cliente ha bisogno.<\/p>\t\t\t\t\t\t\t\t<\/div>\n\t\t\t\t<\/div>\n\t\t\t\t\t<\/div>\n\t\t<\/div>\n\t\t\t\t<div class=\"elementor-column elementor-col-50 elementor-inner-column elementor-element elementor-element-c7ab82a\" data-id=\"c7ab82a\" data-element_type=\"column\" data-settings=\"{&quot;background_background&quot;:&quot;classic&quot;}\">\n\t\t\t<div class=\"elementor-widget-wrap elementor-element-populated\">\n\t\t\t\t\t\t<div class=\"elementor-element elementor-element-5540a50 elementor-widget elementor-widget-image\" data-id=\"5540a50\" data-element_type=\"widget\" data-widget_type=\"image.default\">\n\t\t\t\t<div class=\"elementor-widget-container\">\n\t\t\t\t\t\t\t\t\t\t\t\t\t\t\t<img decoding=\"async\" width=\"1160\" height=\"840\" src=\"https:\/\/elwood.agency\/wp-content\/uploads\/2023\/05\/modulo-richiesta-informazioni.jpg\" class=\"attachment-full size-full wp-image-3565\" alt=\"\" srcset=\"https:\/\/elwood.agency\/wp-content\/uploads\/2023\/05\/modulo-richiesta-informazioni.jpg 1160w, https:\/\/elwood.agency\/wp-content\/uploads\/2023\/05\/modulo-richiesta-informazioni-300x217.jpg 300w, https:\/\/elwood.agency\/wp-content\/uploads\/2023\/05\/modulo-richiesta-informazioni-1024x742.jpg 1024w, https:\/\/elwood.agency\/wp-content\/uploads\/2023\/05\/modulo-richiesta-informazioni-768x556.jpg 768w\" sizes=\"(max-width: 1160px) 100vw, 1160px\" \/>\t\t\t\t\t\t\t\t\t\t\t\t\t\t\t<\/div>\n\t\t\t\t<\/div>\n\t\t\t\t\t<\/div>\n\t\t<\/div>\n\t\t\t\t\t<\/div>\n\t\t<\/section>\n\t\t\t\t\t<\/div>\n\t\t<\/div>\n\t\t\t\t\t<\/div>\n\t\t<\/section>\n\t\t\t\t<section class=\"elementor-section elementor-top-section elementor-element elementor-element-e37f630 elementor-section-full_width elementor-section-height-default elementor-section-height-default\" data-id=\"e37f630\" data-element_type=\"section\">\n\t\t\t\t\t\t<div class=\"elementor-container elementor-column-gap-default\">\n\t\t\t\t\t<div class=\"elementor-column elementor-col-100 elementor-top-column elementor-element elementor-element-5ab86a0\" data-id=\"5ab86a0\" data-element_type=\"column\">\n\t\t\t<div class=\"elementor-widget-wrap elementor-element-populated\">\n\t\t\t\t\t\t<section class=\"elementor-section elementor-inner-section elementor-element elementor-element-736f579 elementor-reverse-tablet elementor-reverse-mobile elementor-section-boxed elementor-section-height-default elementor-section-height-default\" data-id=\"736f579\" data-element_type=\"section\">\n\t\t\t\t\t\t<div class=\"elementor-container elementor-column-gap-default\">\n\t\t\t\t\t<div class=\"elementor-column elementor-col-50 elementor-inner-column elementor-element elementor-element-918ec97\" data-id=\"918ec97\" data-element_type=\"column\" data-settings=\"{&quot;background_background&quot;:&quot;classic&quot;}\">\n\t\t\t<div class=\"elementor-widget-wrap elementor-element-populated\">\n\t\t\t\t\t\t<div class=\"elementor-element elementor-element-bf27b8b elementor-widget elementor-widget-image\" data-id=\"bf27b8b\" data-element_type=\"widget\" data-widget_type=\"image.default\">\n\t\t\t\t<div class=\"elementor-widget-container\">\n\t\t\t\t\t\t\t\t\t\t\t\t\t\t\t<img decoding=\"async\" width=\"1160\" height=\"840\" src=\"https:\/\/elwood.agency\/wp-content\/uploads\/2023\/05\/modulo-spedizione.jpg\" class=\"attachment-full size-full wp-image-3563\" alt=\"\" srcset=\"https:\/\/elwood.agency\/wp-content\/uploads\/2023\/05\/modulo-spedizione.jpg 1160w, https:\/\/elwood.agency\/wp-content\/uploads\/2023\/05\/modulo-spedizione-300x217.jpg 300w, https:\/\/elwood.agency\/wp-content\/uploads\/2023\/05\/modulo-spedizione-1024x742.jpg 1024w, https:\/\/elwood.agency\/wp-content\/uploads\/2023\/05\/modulo-spedizione-768x556.jpg 768w\" sizes=\"(max-width: 1160px) 100vw, 1160px\" \/>\t\t\t\t\t\t\t\t\t\t\t\t\t\t\t<\/div>\n\t\t\t\t<\/div>\n\t\t\t\t\t<\/div>\n\t\t<\/div>\n\t\t\t\t<div class=\"elementor-column elementor-col-50 elementor-inner-column elementor-element elementor-element-7bd34aa\" data-id=\"7bd34aa\" data-element_type=\"column\">\n\t\t\t<div class=\"elementor-widget-wrap elementor-element-populated\">\n\t\t\t\t\t\t<div class=\"elementor-element elementor-element-641f5f4 size-60 elementor-widget elementor-widget-heading\" data-id=\"641f5f4\" data-element_type=\"widget\" data-widget_type=\"heading.default\">\n\t\t\t\t<div class=\"elementor-widget-container\">\n\t\t\t\t\t<h2 class=\"elementor-heading-title elementor-size-default\">Quantit\u00e0 e sconti<\/h2>\t\t\t\t<\/div>\n\t\t\t\t<\/div>\n\t\t\t\t<div class=\"elementor-element elementor-element-f3b797d size-28 elementor-widget elementor-widget-text-editor\" data-id=\"f3b797d\" data-element_type=\"widget\" data-widget_type=\"text-editor.default\">\n\t\t\t\t<div class=\"elementor-widget-container\">\n\t\t\t\t\t\t\t\t\t<p>Incentiva all&#8217;acquisto di pi\u00f9 articoli preventivando sconti cumulativi in base alle quantit\u00e0.<\/p><p>Con questa soluzione automatizzata, pi\u00f9 i tuoi clienti comprano uno stesso prodotto, pi\u00f9 alto sar\u00e0 lo sconto a loro riservato.<\/p>\t\t\t\t\t\t\t\t<\/div>\n\t\t\t\t<\/div>\n\t\t\t\t\t<\/div>\n\t\t<\/div>\n\t\t\t\t\t<\/div>\n\t\t<\/section>\n\t\t\t\t<section class=\"elementor-section elementor-inner-section elementor-element elementor-element-1f1c6f1 elementor-section-boxed elementor-section-height-default elementor-section-height-default\" data-id=\"1f1c6f1\" data-element_type=\"section\">\n\t\t\t\t\t\t<div class=\"elementor-container elementor-column-gap-default\">\n\t\t\t\t\t<div class=\"elementor-column elementor-col-100 elementor-inner-column elementor-element elementor-element-f5bd443\" data-id=\"f5bd443\" data-element_type=\"column\">\n\t\t\t<div class=\"elementor-widget-wrap elementor-element-populated\">\n\t\t\t\t\t\t<div class=\"elementor-element elementor-element-3aedc3a elementor-widget elementor-widget-text-editor\" data-id=\"3aedc3a\" data-element_type=\"widget\" data-widget_type=\"text-editor.default\">\n\t\t\t\t<div class=\"elementor-widget-container\">\n\t\t\t\t\t\t\t\t\t<p>Contattaci subito e raccontaci il tuo progetto!<\/p>\t\t\t\t\t\t\t\t<\/div>\n\t\t\t\t<\/div>\n\t\t\t\t\t<\/div>\n\t\t<\/div>\n\t\t\t\t\t<\/div>\n\t\t<\/section>\n\t\t\t\t\t<\/div>\n\t\t<\/div>\n\t\t\t\t\t<\/div>\n\t\t<\/section>\n\t\t\t\t<\/div>\n\t\t","protected":false},"excerpt":{"rendered":"<p>Modulo preventivo L&#8217;utente seleziona i prodotti desiderati inserendoli in un carrello virtuale per ottenere una quotazione esclusiva per i suoi acquisti. Tramite l&#8217;interfaccia web la richiesta viene ricevuta e gestita direttamente via mail. Una volta approvato il preventivo, il carrello virtuale diventa effettivo per un check out immediato. Modulo spedizione Una soluzione perfetta per formulare [&hellip;]<\/p>\n","protected":false},"author":1,"featured_media":0,"parent":3169,"menu_order":0,"comment_status":"closed","ping_status":"closed","template":"standard.php","meta":{"inline_featured_image":false,"footnotes":""},"class_list":["post-3442","page","type-page","status-publish","hentry"],"_links":{"self":[{"href":"https:\/\/elwood.agency\/it\/wp-json\/wp\/v2\/pages\/3442","targetHints":{"allow":["GET"]}}],"collection":[{"href":"https:\/\/elwood.agency\/it\/wp-json\/wp\/v2\/pages"}],"about":[{"href":"https:\/\/elwood.agency\/it\/wp-json\/wp\/v2\/types\/page"}],"author":[{"embeddable":true,"href":"https:\/\/elwood.agency\/it\/wp-json\/wp\/v2\/users\/1"}],"replies":[{"embeddable":true,"href":"https:\/\/elwood.agency\/it\/wp-json\/wp\/v2\/comments?post=3442"}],"version-history":[{"count":0,"href":"https:\/\/elwood.agency\/it\/wp-json\/wp\/v2\/pages\/3442\/revisions"}],"up":[{"embeddable":true,"href":"https:\/\/elwood.agency\/it\/wp-json\/wp\/v2\/pages\/3169"}],"wp:attachment":[{"href":"https:\/\/elwood.agency\/it\/wp-json\/wp\/v2\/media?parent=3442"}],"curies":[{"name":"wp","href":"https:\/\/api.w.org\/{rel}","templated":true}]}}