{"id":18959,"date":"2025-11-04T11:22:51","date_gmt":"2025-11-04T10:22:51","guid":{"rendered":"https:\/\/elwood.agency\/?page_id=18959"},"modified":"2025-11-04T11:29:04","modified_gmt":"2025-11-04T10:29:04","slug":"sicurezza-e-integrazioni-dellecommerce-b2b","status":"publish","type":"page","link":"https:\/\/elwood.agency\/it\/sicurezza-e-integrazioni-dellecommerce-b2b\/","title":{"rendered":"Sicurezza e integrazioni dell\u2019eCommerce B2B"},"content":{"rendered":"\t\t<div data-elementor-type=\"wp-page\" data-elementor-id=\"18959\" class=\"elementor elementor-18959\" data-elementor-post-type=\"page\">\n\t\t\t\t\t\t<section class=\"elementor-section elementor-top-section elementor-element elementor-element-93ea4fb elementor-section-boxed elementor-section-height-default elementor-section-height-default\" data-id=\"93ea4fb\" data-element_type=\"section\">\n\t\t\t\t\t\t<div class=\"elementor-container elementor-column-gap-default\">\n\t\t\t\t\t<div class=\"elementor-column elementor-col-100 elementor-top-column elementor-element elementor-element-38d7993\" data-id=\"38d7993\" data-element_type=\"column\">\n\t\t\t<div class=\"elementor-widget-wrap elementor-element-populated\">\n\t\t\t\t\t\t<div class=\"elementor-element elementor-element-5bab3b2 elementor-widget elementor-widget-text-editor\" data-id=\"5bab3b2\" data-element_type=\"widget\" data-widget_type=\"text-editor.default\">\n\t\t\t\t<div class=\"elementor-widget-container\">\n\t\t\t\t\t\t\t\t\t<p>Dietro a ogni piattaforma efficiente e scalabile ci sono tecnologie invisibili ma fondamentali: sicurezza dei dati, integrazione con i sistemi gestionali, API robuste e compliance normativa. Senza queste componenti, l\u2019intera macchina commerciale rischia di bloccarsi.<br \/>Per questo, oggi pi\u00f9 che mai, la solidit\u00e0 tecnologica \u00e8 un asset strategico per le aziende che vendono online ad altre imprese. Vediamo come costruire basi affidabili per un eCommerce B2B performante e sicuro.<\/p>\t\t\t\t\t\t\t\t<\/div>\n\t\t\t\t<\/div>\n\t\t\t\t\t<\/div>\n\t\t<\/div>\n\t\t\t\t\t<\/div>\n\t\t<\/section>\n\t\t\t\t<section class=\"elementor-section elementor-top-section elementor-element elementor-element-9e31bb1 elementor-section-boxed elementor-section-height-default elementor-section-height-default\" data-id=\"9e31bb1\" data-element_type=\"section\">\n\t\t\t\t\t\t<div class=\"elementor-container elementor-column-gap-default\">\n\t\t\t\t\t<div class=\"elementor-column elementor-col-100 elementor-top-column elementor-element elementor-element-c45ce35\" data-id=\"c45ce35\" data-element_type=\"column\">\n\t\t\t<div class=\"elementor-widget-wrap elementor-element-populated\">\n\t\t\t\t\t\t<div class=\"elementor-element elementor-element-ead9553 elementor-widget elementor-widget-heading\" data-id=\"ead9553\" data-element_type=\"widget\" data-widget_type=\"heading.default\">\n\t\t\t\t<div class=\"elementor-widget-container\">\n\t\t\t\t\t<h2 class=\"elementor-heading-title elementor-size-default\">I rischi pi\u00f9 comuni negli eCommerce B2B<\/h2>\t\t\t\t<\/div>\n\t\t\t\t<\/div>\n\t\t\t\t\t<\/div>\n\t\t<\/div>\n\t\t\t\t\t<\/div>\n\t\t<\/section>\n\t\t\t\t<section class=\"elementor-section elementor-top-section elementor-element elementor-element-5302d33 elementor-section-boxed elementor-section-height-default elementor-section-height-default\" data-id=\"5302d33\" data-element_type=\"section\">\n\t\t\t\t\t\t<div class=\"elementor-container elementor-column-gap-default\">\n\t\t\t\t\t<div class=\"elementor-column elementor-col-100 elementor-top-column elementor-element elementor-element-2fd1b92\" data-id=\"2fd1b92\" data-element_type=\"column\">\n\t\t\t<div class=\"elementor-widget-wrap elementor-element-populated\">\n\t\t\t\t\t\t<div class=\"elementor-element elementor-element-8213a56 elementor-widget elementor-widget-text-editor\" data-id=\"8213a56\" data-element_type=\"widget\" data-widget_type=\"text-editor.default\">\n\t\t\t\t<div class=\"elementor-widget-container\">\n\t\t\t\t\t\t\t\t\t<p>A differenza del B2C, dove gli attacchi informatici mirano spesso al furto di dati personali o numeri di carte di credito, nel B2B i rischi si spostano anche su:<br \/><strong>\u2022 Accessi non autorizzati a listini riservati o condizioni commerciali<\/strong><br \/><strong>\u2022 Infiltrazioni nei flussi di ordine o nei sistemi ERP integrati<\/strong><br \/><strong>\u2022 Perdita o corruzione dei dati di fatturazione o logistica<\/strong><br \/><strong>\u2022 Interruzioni di servizio che bloccano interi processi aziendali<\/strong><br \/>Un attacco mirato o un errore di sincronizzazione pu\u00f2 avere <strong>impatti gravi su contratti, relazioni commerciali e fatturato<\/strong>.<\/p>\t\t\t\t\t\t\t\t<\/div>\n\t\t\t\t<\/div>\n\t\t\t\t\t<\/div>\n\t\t<\/div>\n\t\t\t\t\t<\/div>\n\t\t<\/section>\n\t\t\t\t<section class=\"elementor-section elementor-top-section elementor-element elementor-element-e919c78 elementor-section-boxed elementor-section-height-default elementor-section-height-default\" data-id=\"e919c78\" data-element_type=\"section\">\n\t\t\t\t\t\t<div class=\"elementor-container elementor-column-gap-default\">\n\t\t\t\t\t<div class=\"elementor-column elementor-col-100 elementor-top-column elementor-element elementor-element-24c03b4\" data-id=\"24c03b4\" data-element_type=\"column\">\n\t\t\t<div class=\"elementor-widget-wrap elementor-element-populated\">\n\t\t\t\t\t\t<div class=\"elementor-element elementor-element-1ebb5a3 elementor-widget elementor-widget-heading\" data-id=\"1ebb5a3\" data-element_type=\"widget\" data-widget_type=\"heading.default\">\n\t\t\t\t<div class=\"elementor-widget-container\">\n\t\t\t\t\t<h2 class=\"elementor-heading-title elementor-size-default\">Sicurezza: HTTPS, backup, protezione dati<\/h2>\t\t\t\t<\/div>\n\t\t\t\t<\/div>\n\t\t\t\t\t<\/div>\n\t\t<\/div>\n\t\t\t\t\t<\/div>\n\t\t<\/section>\n\t\t\t\t<section class=\"elementor-section elementor-top-section elementor-element elementor-element-a8dcc7a elementor-section-boxed elementor-section-height-default elementor-section-height-default\" data-id=\"a8dcc7a\" data-element_type=\"section\">\n\t\t\t\t\t\t<div class=\"elementor-container elementor-column-gap-default\">\n\t\t\t\t\t<div class=\"elementor-column elementor-col-100 elementor-top-column elementor-element elementor-element-f24df28\" data-id=\"f24df28\" data-element_type=\"column\">\n\t\t\t<div class=\"elementor-widget-wrap elementor-element-populated\">\n\t\t\t\t\t\t<div class=\"elementor-element elementor-element-50f86e6 elementor-widget elementor-widget-text-editor\" data-id=\"50f86e6\" data-element_type=\"widget\" data-widget_type=\"text-editor.default\">\n\t\t\t\t<div class=\"elementor-widget-container\">\n\t\t\t\t\t\t\t\t\t<p>La prima linea di difesa \u00e8 la sicurezza dell\u2019infrastruttura. Alcuni aspetti sono fondamentali e non negoziabili:<br \/><strong>\u2022 Certificato SSL<\/strong> (HTTPS) obbligatorio per criptare la comunicazione tra browser e server<br \/><strong>\u2022 Backup giornalieri<\/strong> con politica di retention, test di ripristino e possibilit\u00e0 di restore rapido<br \/><strong>\u2022 Aggiornamenti costanti del CMS<\/strong>, moduli e server per prevenire vulnerabilit\u00e0 note<br \/><strong>\u2022 Firewall applicativi<\/strong> (WAF), protezione anti-DDoS e monitoraggio IP sospetti<br \/><strong>\u2022 Crittografia dei dati sensibili<\/strong> (password, dati fiscali, documenti riservati)<br \/>Inoltre, \u00e8 essenziale che l\u2019eCommerce adotti le migliori pratiche di gestione degli utenti, come l\u2019autenticazione a due fattori (2FA), la gestione dei ruoli e i log di accesso dettagliati.<\/p>\t\t\t\t\t\t\t\t<\/div>\n\t\t\t\t<\/div>\n\t\t\t\t\t<\/div>\n\t\t<\/div>\n\t\t\t\t\t<\/div>\n\t\t<\/section>\n\t\t\t\t<section class=\"elementor-section elementor-top-section elementor-element elementor-element-1348a5f elementor-section-boxed elementor-section-height-default elementor-section-height-default\" data-id=\"1348a5f\" data-element_type=\"section\">\n\t\t\t\t\t\t<div class=\"elementor-container elementor-column-gap-default\">\n\t\t\t\t\t<div class=\"elementor-column elementor-col-100 elementor-top-column elementor-element elementor-element-4706b40\" data-id=\"4706b40\" data-element_type=\"column\">\n\t\t\t<div class=\"elementor-widget-wrap elementor-element-populated\">\n\t\t\t\t\t\t<div class=\"elementor-element elementor-element-69f77c3 elementor-widget elementor-widget-heading\" data-id=\"69f77c3\" data-element_type=\"widget\" data-widget_type=\"heading.default\">\n\t\t\t\t<div class=\"elementor-widget-container\">\n\t\t\t\t\t<h2 class=\"elementor-heading-title elementor-size-default\">Integrazione con ERP e gestionali aziendali<\/h2>\t\t\t\t<\/div>\n\t\t\t\t<\/div>\n\t\t\t\t\t<\/div>\n\t\t<\/div>\n\t\t\t\t\t<\/div>\n\t\t<\/section>\n\t\t\t\t<section class=\"elementor-section elementor-top-section elementor-element elementor-element-8e524f6 elementor-section-boxed elementor-section-height-default elementor-section-height-default\" data-id=\"8e524f6\" data-element_type=\"section\">\n\t\t\t\t\t\t<div class=\"elementor-container elementor-column-gap-default\">\n\t\t\t\t\t<div class=\"elementor-column elementor-col-100 elementor-top-column elementor-element elementor-element-6ba9891\" data-id=\"6ba9891\" data-element_type=\"column\">\n\t\t\t<div class=\"elementor-widget-wrap elementor-element-populated\">\n\t\t\t\t\t\t<div class=\"elementor-element elementor-element-a3e71f5 elementor-widget elementor-widget-text-editor\" data-id=\"a3e71f5\" data-element_type=\"widget\" data-widget_type=\"text-editor.default\">\n\t\t\t\t<div class=\"elementor-widget-container\">\n\t\t\t\t\t\t\t\t\t<p>Nel B2B, la vera efficienza si raggiunge solo con un\u2019integrazione profonda tra il sito e il gestionale aziendale. Questo permette di automatizzare flussi vitali come:<br \/><strong>\u2022 Creazione ordini e conferme automatiche<\/strong><br \/><strong>\u2022 Aggiornamento listini e disponibilit\u00e0 in tempo reale<\/strong><br \/><strong>\u2022 Sincronizzazione clienti, agenti, scontistiche<\/strong><br \/><strong>\u2022 Fatturazione elettronica, bolle, DDT e documenti di trasporto<\/strong><\/p>\t\t\t\t\t\t\t\t<\/div>\n\t\t\t\t<\/div>\n\t\t\t\t\t<\/div>\n\t\t<\/div>\n\t\t\t\t\t<\/div>\n\t\t<\/section>\n\t\t\t\t<section class=\"elementor-section elementor-top-section elementor-element elementor-element-190ff02 elementor-section-boxed elementor-section-height-default elementor-section-height-default\" data-id=\"190ff02\" data-element_type=\"section\">\n\t\t\t\t\t\t<div class=\"elementor-container elementor-column-gap-default\">\n\t\t\t\t\t<div class=\"elementor-column elementor-col-100 elementor-top-column elementor-element elementor-element-7775d18\" data-id=\"7775d18\" data-element_type=\"column\">\n\t\t\t<div class=\"elementor-widget-wrap elementor-element-populated\">\n\t\t\t\t\t\t<div class=\"elementor-element elementor-element-4a0c64e elementor-widget elementor-widget-heading\" data-id=\"4a0c64e\" data-element_type=\"widget\" data-widget_type=\"heading.default\">\n\t\t\t\t<div class=\"elementor-widget-container\">\n\t\t\t\t\t<h2 class=\"elementor-heading-title elementor-size-default\">Tracciabilit\u00e0 e logistica integrata<\/h2>\t\t\t\t<\/div>\n\t\t\t\t<\/div>\n\t\t\t\t\t<\/div>\n\t\t<\/div>\n\t\t\t\t\t<\/div>\n\t\t<\/section>\n\t\t\t\t<section class=\"elementor-section elementor-top-section elementor-element elementor-element-cef9fa0 elementor-section-boxed elementor-section-height-default elementor-section-height-default\" data-id=\"cef9fa0\" data-element_type=\"section\">\n\t\t\t\t\t\t<div class=\"elementor-container elementor-column-gap-default\">\n\t\t\t\t\t<div class=\"elementor-column elementor-col-100 elementor-top-column elementor-element elementor-element-95ea942\" data-id=\"95ea942\" data-element_type=\"column\">\n\t\t\t<div class=\"elementor-widget-wrap elementor-element-populated\">\n\t\t\t\t\t\t<div class=\"elementor-element elementor-element-d7c1781 elementor-widget elementor-widget-text-editor\" data-id=\"d7c1781\" data-element_type=\"widget\" data-widget_type=\"text-editor.default\">\n\t\t\t\t<div class=\"elementor-widget-container\">\n\t\t\t\t\t\t\t\t\t<p>La tracciabilit\u00e0 della merce \u00e8 un requisito essenziale. Non basta \u201cspedire\u201d: bisogna poter monitorare, notificare e rendere tutto trasparente per il cliente.<br \/>Le integrazioni con corrieri (TNT, FedEx, BRT, GLS&#8230;) permettono:<br \/>\u2022 Generazione automatica delle etichette<br \/>\u2022 Stampa DDT e gestione tracking<br \/>\u2022 Invio notifiche automatiche via email o SMS<br \/>\u2022 Visualizzazione dello stato di consegna nell\u2019area riservata<br \/>Questi automatismi migliorano il servizio al cliente e semplificano l\u2019operativit\u00e0 interna, riducendo richieste di assistenza.<\/p>\t\t\t\t\t\t\t\t<\/div>\n\t\t\t\t<\/div>\n\t\t\t\t\t<\/div>\n\t\t<\/div>\n\t\t\t\t\t<\/div>\n\t\t<\/section>\n\t\t\t\t<section class=\"elementor-section elementor-top-section elementor-element elementor-element-f739df2 elementor-section-boxed elementor-section-height-default elementor-section-height-default\" data-id=\"f739df2\" data-element_type=\"section\">\n\t\t\t\t\t\t<div class=\"elementor-container elementor-column-gap-default\">\n\t\t\t\t\t<div class=\"elementor-column elementor-col-100 elementor-top-column elementor-element elementor-element-9beac17\" data-id=\"9beac17\" data-element_type=\"column\">\n\t\t\t<div class=\"elementor-widget-wrap elementor-element-populated\">\n\t\t\t\t\t\t<div class=\"elementor-element elementor-element-09c9dfc elementor-widget elementor-widget-heading\" data-id=\"09c9dfc\" data-element_type=\"widget\" data-widget_type=\"heading.default\">\n\t\t\t\t<div class=\"elementor-widget-container\">\n\t\t\t\t\t<h2 class=\"elementor-heading-title elementor-size-default\">Best practice di compliance e audit<\/h2>\t\t\t\t<\/div>\n\t\t\t\t<\/div>\n\t\t\t\t\t<\/div>\n\t\t<\/div>\n\t\t\t\t\t<\/div>\n\t\t<\/section>\n\t\t\t\t<section class=\"elementor-section elementor-top-section elementor-element elementor-element-9ac8965 elementor-section-boxed elementor-section-height-default elementor-section-height-default\" data-id=\"9ac8965\" data-element_type=\"section\">\n\t\t\t\t\t\t<div class=\"elementor-container elementor-column-gap-default\">\n\t\t\t\t\t<div class=\"elementor-column elementor-col-100 elementor-top-column elementor-element elementor-element-ee2304f\" data-id=\"ee2304f\" data-element_type=\"column\">\n\t\t\t<div class=\"elementor-widget-wrap elementor-element-populated\">\n\t\t\t\t\t\t<div class=\"elementor-element elementor-element-b305db4 elementor-widget elementor-widget-text-editor\" data-id=\"b305db4\" data-element_type=\"widget\" data-widget_type=\"text-editor.default\">\n\t\t\t\t<div class=\"elementor-widget-container\">\n\t\t\t\t\t\t\t\t\t<p>Infine, ogni eCommerce B2B deve rispettare normative sempre pi\u00f9 stringenti: GDPR, obblighi fiscali, norme sulla sicurezza informatica. Alcune best practice includono:<br \/>\u2022 Audit log completi su accessi, modifiche e transazioni<br \/>\u2022 Anonimizzazione IP e gestione consensi cookie<br \/>\u2022 Tracciabilit\u00e0 documentale (fatture, contratti, comunicazioni)<br \/>\u2022 Conservazione digitale a norma di legge<br \/>La conformit\u00e0 non \u00e8 solo un obbligo, ma un vantaggio competitivo: mostrare di essere affidabili, trasparenti e sicuri rafforza la fiducia di partner e clienti.<\/p>\t\t\t\t\t\t\t\t<\/div>\n\t\t\t\t<\/div>\n\t\t\t\t\t<\/div>\n\t\t<\/div>\n\t\t\t\t\t<\/div>\n\t\t<\/section>\n\t\t\t\t<section class=\"elementor-section elementor-top-section elementor-element elementor-element-35f48c1 elementor-section-boxed elementor-section-height-default elementor-section-height-default\" data-id=\"35f48c1\" data-element_type=\"section\">\n\t\t\t\t\t\t<div class=\"elementor-container elementor-column-gap-default\">\n\t\t\t\t\t<div class=\"elementor-column elementor-col-100 elementor-top-column elementor-element elementor-element-9b42fce\" data-id=\"9b42fce\" data-element_type=\"column\">\n\t\t\t<div class=\"elementor-widget-wrap elementor-element-populated\">\n\t\t\t\t\t\t<div class=\"elementor-element elementor-element-1f41b80 elementor-widget elementor-widget-text-editor\" data-id=\"1f41b80\" data-element_type=\"widget\" data-widget_type=\"text-editor.default\">\n\t\t\t\t<div class=\"elementor-widget-container\">\n\t\t\t\t\t\t\t\t\t<p>Sicurezza e integrazioni sono il cuore tecnologico di ogni progetto eCommerce B2B. Senza queste fondamenta, anche il miglior design o la strategia di marketing pi\u00f9 brillante rischiano di non reggere.<br \/>Investire in API robuste, integrazioni ERP efficaci, protocolli di sicurezza avanzata e piena compliance significa costruire un\u2019infrastruttura solida, scalabile e pronta per il futuro.<br \/>Se vuoi progettare (o migliorare) la tua piattaforma B2B,<strong> Elwood pu\u00f2 affiancarti nello sviluppo di soluzioni su misura<\/strong>, con attenzione a ogni dettaglio tecnologico, operativo e normativo.<\/p>\t\t\t\t\t\t\t\t<\/div>\n\t\t\t\t<\/div>\n\t\t\t\t\t<\/div>\n\t\t<\/div>\n\t\t\t\t\t<\/div>\n\t\t<\/section>\n\t\t\t\t<\/div>\n\t\t","protected":false},"excerpt":{"rendered":"<p>Dietro a ogni piattaforma efficiente e scalabile ci sono tecnologie invisibili ma fondamentali: sicurezza dei dati, integrazione con i sistemi gestionali, API robuste e compliance normativa. Senza queste componenti, l\u2019intera macchina commerciale rischia di bloccarsi.Per questo, oggi pi\u00f9 che mai, la solidit\u00e0 tecnologica \u00e8 un asset strategico per le aziende che vendono online ad altre [&hellip;]<\/p>\n","protected":false},"author":1,"featured_media":0,"parent":0,"menu_order":0,"comment_status":"closed","ping_status":"closed","template":"sales-performance.php","meta":{"inline_featured_image":false,"footnotes":""},"class_list":["post-18959","page","type-page","status-publish","hentry"],"_links":{"self":[{"href":"https:\/\/elwood.agency\/it\/wp-json\/wp\/v2\/pages\/18959","targetHints":{"allow":["GET"]}}],"collection":[{"href":"https:\/\/elwood.agency\/it\/wp-json\/wp\/v2\/pages"}],"about":[{"href":"https:\/\/elwood.agency\/it\/wp-json\/wp\/v2\/types\/page"}],"author":[{"embeddable":true,"href":"https:\/\/elwood.agency\/it\/wp-json\/wp\/v2\/users\/1"}],"replies":[{"embeddable":true,"href":"https:\/\/elwood.agency\/it\/wp-json\/wp\/v2\/comments?post=18959"}],"version-history":[{"count":23,"href":"https:\/\/elwood.agency\/it\/wp-json\/wp\/v2\/pages\/18959\/revisions"}],"predecessor-version":[{"id":18982,"href":"https:\/\/elwood.agency\/it\/wp-json\/wp\/v2\/pages\/18959\/revisions\/18982"}],"wp:attachment":[{"href":"https:\/\/elwood.agency\/it\/wp-json\/wp\/v2\/media?parent=18959"}],"curies":[{"name":"wp","href":"https:\/\/api.w.org\/{rel}","templated":true}]}}