{"id":18924,"date":"2025-10-13T09:54:02","date_gmt":"2025-10-13T07:54:02","guid":{"rendered":"https:\/\/elwood.agency\/?page_id=18924"},"modified":"2025-10-14T12:10:24","modified_gmt":"2025-10-14T10:10:24","slug":"seo-e-lead-generation-per-ecommerce-b2b","status":"publish","type":"page","link":"https:\/\/elwood.agency\/it\/seo-e-lead-generation-per-ecommerce-b2b\/","title":{"rendered":"SEO e lead generation per eCommerce B2B"},"content":{"rendered":"\t\t<div data-elementor-type=\"wp-page\" data-elementor-id=\"18924\" class=\"elementor elementor-18924\" data-elementor-post-type=\"page\">\n\t\t\t\t\t\t<section class=\"elementor-section elementor-top-section elementor-element elementor-element-93ea4fb elementor-section-boxed elementor-section-height-default elementor-section-height-default\" data-id=\"93ea4fb\" data-element_type=\"section\">\n\t\t\t\t\t\t<div class=\"elementor-container elementor-column-gap-default\">\n\t\t\t\t\t<div class=\"elementor-column elementor-col-100 elementor-top-column elementor-element elementor-element-38d7993\" data-id=\"38d7993\" data-element_type=\"column\">\n\t\t\t<div class=\"elementor-widget-wrap elementor-element-populated\">\n\t\t\t\t\t\t<div class=\"elementor-element elementor-element-5bab3b2 elementor-widget elementor-widget-text-editor\" data-id=\"5bab3b2\" data-element_type=\"widget\" data-widget_type=\"text-editor.default\">\n\t\t\t\t<div class=\"elementor-widget-container\">\n\t\t\t\t\t\t\t\t\t<p>La SEO nel B2B presenta caratteristiche molto diverse rispetto al B2C. Il primo ostacolo \u00e8 la natura specifica delle keyword: spesso si tratta di ricerche a basso volume, ma con un alto valore commerciale. Inoltre, le parole chiave possono essere molto tecniche o legate a settori industriali verticali.<br \/>Un&#8217;altra sfida \u00e8 rappresentata dai contenuti duplicati nei cataloghi eCommerce, soprattutto se si vendono prodotti di brand noti. <strong>Senza una strategia SEO pensata per il B2B, si rischia di competere solo sul prezzo.<\/strong><br \/>Infine, bisogna considerare che <strong>il buyer B2B non acquista subito<\/strong>: cerca informazioni, confronta, valuta, spesso torna pi\u00f9 volte sul sito prima di inviare una richiesta o finalizzare un ordine. Da qui l\u2019importanza di contenuti informativi, chiari e ben strutturati.<\/p>\t\t\t\t\t\t\t\t<\/div>\n\t\t\t\t<\/div>\n\t\t\t\t\t<\/div>\n\t\t<\/div>\n\t\t\t\t\t<\/div>\n\t\t<\/section>\n\t\t\t\t<section class=\"elementor-section elementor-top-section elementor-element elementor-element-9e31bb1 elementor-section-boxed elementor-section-height-default elementor-section-height-default\" data-id=\"9e31bb1\" data-element_type=\"section\">\n\t\t\t\t\t\t<div class=\"elementor-container elementor-column-gap-default\">\n\t\t\t\t\t<div class=\"elementor-column elementor-col-100 elementor-top-column elementor-element elementor-element-c45ce35\" data-id=\"c45ce35\" data-element_type=\"column\">\n\t\t\t<div class=\"elementor-widget-wrap elementor-element-populated\">\n\t\t\t\t\t\t<div class=\"elementor-element elementor-element-ead9553 elementor-widget elementor-widget-heading\" data-id=\"ead9553\" data-element_type=\"widget\" data-widget_type=\"heading.default\">\n\t\t\t\t<div class=\"elementor-widget-container\">\n\t\t\t\t\t<h2 class=\"elementor-heading-title elementor-size-default\">Ricerca keyword e contenuti utili per il buyer B2B<\/h2>\t\t\t\t<\/div>\n\t\t\t\t<\/div>\n\t\t\t\t\t<\/div>\n\t\t<\/div>\n\t\t\t\t\t<\/div>\n\t\t<\/section>\n\t\t\t\t<section class=\"elementor-section elementor-top-section elementor-element elementor-element-5302d33 elementor-section-boxed elementor-section-height-default elementor-section-height-default\" data-id=\"5302d33\" data-element_type=\"section\">\n\t\t\t\t\t\t<div class=\"elementor-container elementor-column-gap-default\">\n\t\t\t\t\t<div class=\"elementor-column elementor-col-100 elementor-top-column elementor-element elementor-element-2fd1b92\" data-id=\"2fd1b92\" data-element_type=\"column\">\n\t\t\t<div class=\"elementor-widget-wrap elementor-element-populated\">\n\t\t\t\t\t\t<div class=\"elementor-element elementor-element-8213a56 elementor-widget elementor-widget-text-editor\" data-id=\"8213a56\" data-element_type=\"widget\" data-widget_type=\"text-editor.default\">\n\t\t\t\t<div class=\"elementor-widget-container\">\n\t\t\t\t\t\t\t\t\t<p>La ricerca delle keyword nel B2B parte dall\u2019analisi del linguaggio tecnico usato dai clienti e dal team commerciale. Spesso le parole che usano i buyer non coincidono con quelle che si pensano rilevanti.<br \/>Per ottenere risultati, \u00e8 utile:<br \/><strong>\u2022 Analizzare i termini usati nelle email<\/strong>, preventivi e conversazioni dei clienti<br \/><strong>\u2022 Utilizzare strumenti come SEMrush, Ubersuggest o Google Search Console<\/strong><br \/><strong>\u2022 Valutare keyword informative,<\/strong> non solo transazionali (es. \u201ccome scegliere un pannello coibentato\u201d vs \u201cpannello coibentato prezzo\u201d)<br \/>Una volta individuati gli intenti di ricerca, bisogna creare contenuti realmente utili: guide all\u2019acquisto, comparazioni tecniche, FAQ, articoli di approfondimento e pagine dedicate a ogni segmento di prodotto.<\/p>\t\t\t\t\t\t\t\t<\/div>\n\t\t\t\t<\/div>\n\t\t\t\t\t<\/div>\n\t\t<\/div>\n\t\t\t\t\t<\/div>\n\t\t<\/section>\n\t\t\t\t<section class=\"elementor-section elementor-top-section elementor-element elementor-element-e919c78 elementor-section-boxed elementor-section-height-default elementor-section-height-default\" data-id=\"e919c78\" data-element_type=\"section\">\n\t\t\t\t\t\t<div class=\"elementor-container elementor-column-gap-default\">\n\t\t\t\t\t<div class=\"elementor-column elementor-col-100 elementor-top-column elementor-element elementor-element-24c03b4\" data-id=\"24c03b4\" data-element_type=\"column\">\n\t\t\t<div class=\"elementor-widget-wrap elementor-element-populated\">\n\t\t\t\t\t\t<div class=\"elementor-element elementor-element-1ebb5a3 elementor-widget elementor-widget-heading\" data-id=\"1ebb5a3\" data-element_type=\"widget\" data-widget_type=\"heading.default\">\n\t\t\t\t<div class=\"elementor-widget-container\">\n\t\t\t\t\t<h2 class=\"elementor-heading-title elementor-size-default\">Struttura SEO a silos per eCommerce<\/h2>\t\t\t\t<\/div>\n\t\t\t\t<\/div>\n\t\t\t\t\t<\/div>\n\t\t<\/div>\n\t\t\t\t\t<\/div>\n\t\t<\/section>\n\t\t\t\t<section class=\"elementor-section elementor-top-section elementor-element elementor-element-a8dcc7a elementor-section-boxed elementor-section-height-default elementor-section-height-default\" data-id=\"a8dcc7a\" data-element_type=\"section\">\n\t\t\t\t\t\t<div class=\"elementor-container elementor-column-gap-default\">\n\t\t\t\t\t<div class=\"elementor-column elementor-col-100 elementor-top-column elementor-element elementor-element-f24df28\" data-id=\"f24df28\" data-element_type=\"column\">\n\t\t\t<div class=\"elementor-widget-wrap elementor-element-populated\">\n\t\t\t\t\t\t<div class=\"elementor-element elementor-element-50f86e6 elementor-widget elementor-widget-text-editor\" data-id=\"50f86e6\" data-element_type=\"widget\" data-widget_type=\"text-editor.default\">\n\t\t\t\t<div class=\"elementor-widget-container\">\n\t\t\t\t\t\t\t\t\t<p>Un eCommerce ben posizionato nel B2B deve avere una struttura logica e verticale, detta \u201ca silos\u201d. Questo modello aiuta i motori di ricerca a comprendere la gerarchia delle informazioni e migliora l&#8217;esperienza di navigazione per l\u2019utente.<br \/><strong>Ogni categoria principale diventa un hub di contenuto con collegamenti a sottopagine,<\/strong> articoli, case study e prodotti specifici.<br \/><br \/>In questo modo si aumenta la rilevanza semantica e si potenzia il posizionamento organico per cluster tematici.<\/p>\t\t\t\t\t\t\t\t<\/div>\n\t\t\t\t<\/div>\n\t\t\t\t\t<\/div>\n\t\t<\/div>\n\t\t\t\t\t<\/div>\n\t\t<\/section>\n\t\t\t\t<section class=\"elementor-section elementor-top-section elementor-element elementor-element-1348a5f elementor-section-boxed elementor-section-height-default elementor-section-height-default\" data-id=\"1348a5f\" data-element_type=\"section\">\n\t\t\t\t\t\t<div class=\"elementor-container elementor-column-gap-default\">\n\t\t\t\t\t<div class=\"elementor-column elementor-col-100 elementor-top-column elementor-element elementor-element-4706b40\" data-id=\"4706b40\" data-element_type=\"column\">\n\t\t\t<div class=\"elementor-widget-wrap elementor-element-populated\">\n\t\t\t\t\t\t<div class=\"elementor-element elementor-element-69f77c3 elementor-widget elementor-widget-heading\" data-id=\"69f77c3\" data-element_type=\"widget\" data-widget_type=\"heading.default\">\n\t\t\t\t<div class=\"elementor-widget-container\">\n\t\t\t\t\t<h2 class=\"elementor-heading-title elementor-size-default\">Funnel di vendita e acquisizione lead<\/h2>\t\t\t\t<\/div>\n\t\t\t\t<\/div>\n\t\t\t\t\t<\/div>\n\t\t<\/div>\n\t\t\t\t\t<\/div>\n\t\t<\/section>\n\t\t\t\t<section class=\"elementor-section elementor-top-section elementor-element elementor-element-8e524f6 elementor-section-boxed elementor-section-height-default elementor-section-height-default\" data-id=\"8e524f6\" data-element_type=\"section\">\n\t\t\t\t\t\t<div class=\"elementor-container elementor-column-gap-default\">\n\t\t\t\t\t<div class=\"elementor-column elementor-col-100 elementor-top-column elementor-element elementor-element-6ba9891\" data-id=\"6ba9891\" data-element_type=\"column\">\n\t\t\t<div class=\"elementor-widget-wrap elementor-element-populated\">\n\t\t\t\t\t\t<div class=\"elementor-element elementor-element-a3e71f5 elementor-widget elementor-widget-text-editor\" data-id=\"a3e71f5\" data-element_type=\"widget\" data-widget_type=\"text-editor.default\">\n\t\t\t\t<div class=\"elementor-widget-container\">\n\t\t\t\t\t\t\t\t\t<p>Nel B2B, raramente l\u2019utente effettua un acquisto immediato. Per questo \u00e8 fondamentale costruire funnel di vendita che accompagnino il prospect fino alla conversione.<br \/>Ecco le fasi principali:<br \/><strong>1. Attraction<\/strong> \u2013 tramite SEO, Google Ads o LinkedIn<br \/><strong>2. Engagement<\/strong> \u2013 con contenuti come white paper, guide o video<br \/><strong>3. Lead Capture<\/strong> \u2013 form contatti, richieste di demo, preventivo o configuratore<br \/><strong>4. Nurturing<\/strong> \u2013 email automatizzate, follow-up da parte degli agenti<br \/><strong>5. Conversione<\/strong> \u2013 primo ordine, richiesta commerciale, visita in showroom<br \/>Elementi chiave da integrare:<br \/>\u2022 Form smart con campi precompilati<br \/>\u2022 Live chat e chatbot per richieste veloci<br \/>\u2022 Landing page ottimizzate per settori, buyer persona o mercati esteri<\/p>\t\t\t\t\t\t\t\t<\/div>\n\t\t\t\t<\/div>\n\t\t\t\t\t<\/div>\n\t\t<\/div>\n\t\t\t\t\t<\/div>\n\t\t<\/section>\n\t\t\t\t<section class=\"elementor-section elementor-top-section elementor-element elementor-element-190ff02 elementor-section-boxed elementor-section-height-default elementor-section-height-default\" data-id=\"190ff02\" data-element_type=\"section\">\n\t\t\t\t\t\t<div class=\"elementor-container elementor-column-gap-default\">\n\t\t\t\t\t<div class=\"elementor-column elementor-col-100 elementor-top-column elementor-element elementor-element-7775d18\" data-id=\"7775d18\" data-element_type=\"column\">\n\t\t\t<div class=\"elementor-widget-wrap elementor-element-populated\">\n\t\t\t\t\t\t<div class=\"elementor-element elementor-element-4a0c64e elementor-widget elementor-widget-heading\" data-id=\"4a0c64e\" data-element_type=\"widget\" data-widget_type=\"heading.default\">\n\t\t\t\t<div class=\"elementor-widget-container\">\n\t\t\t\t\t<h2 class=\"elementor-heading-title elementor-size-default\">Marketing automation e CRM integrato<\/h2>\t\t\t\t<\/div>\n\t\t\t\t<\/div>\n\t\t\t\t\t<\/div>\n\t\t<\/div>\n\t\t\t\t\t<\/div>\n\t\t<\/section>\n\t\t\t\t<section class=\"elementor-section elementor-top-section elementor-element elementor-element-cef9fa0 elementor-section-boxed elementor-section-height-default elementor-section-height-default\" data-id=\"cef9fa0\" data-element_type=\"section\">\n\t\t\t\t\t\t<div class=\"elementor-container elementor-column-gap-default\">\n\t\t\t\t\t<div class=\"elementor-column elementor-col-100 elementor-top-column elementor-element elementor-element-95ea942\" data-id=\"95ea942\" data-element_type=\"column\">\n\t\t\t<div class=\"elementor-widget-wrap elementor-element-populated\">\n\t\t\t\t\t\t<div class=\"elementor-element elementor-element-d7c1781 elementor-widget elementor-widget-text-editor\" data-id=\"d7c1781\" data-element_type=\"widget\" data-widget_type=\"text-editor.default\">\n\t\t\t\t<div class=\"elementor-widget-container\">\n\t\t\t\t\t\t\t\t\t<p>Una volta acquisito il contatto, \u00e8 fondamentale gestirlo bene. Qui entra in gioco la marketing automation, che permette di inviare comunicazioni su misura, in automatico, in base al comportamento dell\u2019utente.<br \/>Ad esempio:<br \/>\u2022 Email con prodotti correlati alla pagina visitata<br \/>\u2022 Inviti a eventi o fiere di settore in base alla geolocalizzazione<br \/>\u2022 Reminder automatici per ordini ricorrenti o scadenze<br \/>L\u2019integrazione tra il sito e un CRM come HubSpot, Salesforce o Zoho consente di:<br \/><strong>\u2022 Tracciare tutte le interazioni dell\u2019utente<\/strong><br \/><strong>\u2022 Segmentare i lead in base a interessi o settore<\/strong><br \/><strong>\u2022 Affidare i lead qualificati al commerciale giusto<\/strong><br \/><strong>\u2022 Automatizzare follow-up e attivit\u00e0 post-vendita<\/strong><br \/>Questo approccio permette di trasformare il sito eCommerce in un vero canale di acquisizione e gestione clienti, e non solo in un catalogo online.<\/p>\t\t\t\t\t\t\t\t<\/div>\n\t\t\t\t<\/div>\n\t\t\t\t\t<\/div>\n\t\t<\/div>\n\t\t\t\t\t<\/div>\n\t\t<\/section>\n\t\t\t\t<section class=\"elementor-section elementor-top-section elementor-element elementor-element-f739df2 elementor-section-boxed elementor-section-height-default elementor-section-height-default\" data-id=\"f739df2\" data-element_type=\"section\">\n\t\t\t\t\t\t<div class=\"elementor-container elementor-column-gap-default\">\n\t\t\t\t\t<div class=\"elementor-column elementor-col-100 elementor-top-column elementor-element elementor-element-9beac17\" data-id=\"9beac17\" data-element_type=\"column\">\n\t\t\t<div class=\"elementor-widget-wrap elementor-element-populated\">\n\t\t\t\t\t\t<div class=\"elementor-element elementor-element-09c9dfc elementor-widget elementor-widget-heading\" data-id=\"09c9dfc\" data-element_type=\"widget\" data-widget_type=\"heading.default\">\n\t\t\t\t<div class=\"elementor-widget-container\">\n\t\t\t\t\t<h2 class=\"elementor-heading-title elementor-size-default\">KPI e misurazione delle performance<\/h2>\t\t\t\t<\/div>\n\t\t\t\t<\/div>\n\t\t\t\t\t<\/div>\n\t\t<\/div>\n\t\t\t\t\t<\/div>\n\t\t<\/section>\n\t\t\t\t<section class=\"elementor-section elementor-top-section elementor-element elementor-element-9ac8965 elementor-section-boxed elementor-section-height-default elementor-section-height-default\" data-id=\"9ac8965\" data-element_type=\"section\">\n\t\t\t\t\t\t<div class=\"elementor-container elementor-column-gap-default\">\n\t\t\t\t\t<div class=\"elementor-column elementor-col-100 elementor-top-column elementor-element elementor-element-ee2304f\" data-id=\"ee2304f\" data-element_type=\"column\">\n\t\t\t<div class=\"elementor-widget-wrap elementor-element-populated\">\n\t\t\t\t\t\t<div class=\"elementor-element elementor-element-b305db4 elementor-widget elementor-widget-text-editor\" data-id=\"b305db4\" data-element_type=\"widget\" data-widget_type=\"text-editor.default\">\n\t\t\t\t<div class=\"elementor-widget-container\">\n\t\t\t\t\t\t\t\t\t<p>Ogni azione di SEO e lead generation deve essere misurata con precisione. Tra i KPI pi\u00f9 importanti per un eCommerce B2B troviamo:<br \/><strong>\u2022 Numero di keyword in prima pagina (e relative impression\/click)<\/strong><br \/><strong>\u2022 Tasso di conversione dei form di contatto<\/strong><br \/><strong>\u2022 Lead qualificati generati ogni mese<\/strong><br \/><strong>\u2022 Tempo medio tra primo contatto e ordine<\/strong><br \/><strong>\u2022 ROI delle campagne SEO e ADV<\/strong><br \/>Strumenti come Google Analytics 4, Search Console, Hotjar (per le mappe di calore) e CRM con tracciamento delle fonti aiutano a capire dove intervenire e come migliorare continuamente il funnel.<\/p>\t\t\t\t\t\t\t\t<\/div>\n\t\t\t\t<\/div>\n\t\t\t\t\t<\/div>\n\t\t<\/div>\n\t\t\t\t\t<\/div>\n\t\t<\/section>\n\t\t\t\t<section class=\"elementor-section elementor-top-section elementor-element elementor-element-35f48c1 elementor-section-boxed elementor-section-height-default elementor-section-height-default\" data-id=\"35f48c1\" data-element_type=\"section\">\n\t\t\t\t\t\t<div class=\"elementor-container elementor-column-gap-default\">\n\t\t\t\t\t<div class=\"elementor-column elementor-col-100 elementor-top-column elementor-element elementor-element-9b42fce\" data-id=\"9b42fce\" data-element_type=\"column\">\n\t\t\t<div class=\"elementor-widget-wrap elementor-element-populated\">\n\t\t\t\t\t\t<div class=\"elementor-element elementor-element-1f41b80 elementor-widget elementor-widget-text-editor\" data-id=\"1f41b80\" data-element_type=\"widget\" data-widget_type=\"text-editor.default\">\n\t\t\t\t<div class=\"elementor-widget-container\">\n\t\t\t\t\t\t\t\t\t<p>In un mercato sempre pi\u00f9 competitivo, la visibilit\u00e0 organica e la capacit\u00e0 di generare contatti qualificati sono elementi chiave per la crescita di un eCommerce B2B.<br \/><strong>Una strategia efficace deve unire SEO strutturata, contenuti pensati per il buyer, funnel ben costruiti e strumenti di marketing automation<\/strong>. Solo cos\u00ec si passa da semplici visitatori a veri clienti, fidelizzati e in continuo dialogo con la tua azienda.<br \/>Vuoi un\u2019analisi personalizzata per il tuo eCommerce B2B? <a href=\"https:\/\/elwood.agency\/it\/about\/\">Elwood pu\u00f2 aiutarti a progettare una strategia completa<\/a>, su misura per il tuo settore e il tuo pubblico.<\/p>\t\t\t\t\t\t\t\t<\/div>\n\t\t\t\t<\/div>\n\t\t\t\t\t<\/div>\n\t\t<\/div>\n\t\t\t\t\t<\/div>\n\t\t<\/section>\n\t\t\t\t<\/div>\n\t\t","protected":false},"excerpt":{"rendered":"<p>La SEO nel B2B presenta caratteristiche molto diverse rispetto al B2C. Il primo ostacolo \u00e8 la natura specifica delle keyword: spesso si tratta di ricerche a basso volume, ma con un alto valore commerciale. Inoltre, le parole chiave possono essere molto tecniche o legate a settori industriali verticali.Un&#8217;altra sfida \u00e8 rappresentata dai contenuti duplicati nei [&hellip;]<\/p>\n","protected":false},"author":1,"featured_media":0,"parent":0,"menu_order":0,"comment_status":"closed","ping_status":"closed","template":"sales-performance.php","meta":{"inline_featured_image":false,"footnotes":""},"class_list":["post-18924","page","type-page","status-publish","hentry"],"_links":{"self":[{"href":"https:\/\/elwood.agency\/it\/wp-json\/wp\/v2\/pages\/18924","targetHints":{"allow":["GET"]}}],"collection":[{"href":"https:\/\/elwood.agency\/it\/wp-json\/wp\/v2\/pages"}],"about":[{"href":"https:\/\/elwood.agency\/it\/wp-json\/wp\/v2\/types\/page"}],"author":[{"embeddable":true,"href":"https:\/\/elwood.agency\/it\/wp-json\/wp\/v2\/users\/1"}],"replies":[{"embeddable":true,"href":"https:\/\/elwood.agency\/it\/wp-json\/wp\/v2\/comments?post=18924"}],"version-history":[{"count":20,"href":"https:\/\/elwood.agency\/it\/wp-json\/wp\/v2\/pages\/18924\/revisions"}],"predecessor-version":[{"id":18954,"href":"https:\/\/elwood.agency\/it\/wp-json\/wp\/v2\/pages\/18924\/revisions\/18954"}],"wp:attachment":[{"href":"https:\/\/elwood.agency\/it\/wp-json\/wp\/v2\/media?parent=18924"}],"curies":[{"name":"wp","href":"https:\/\/api.w.org\/{rel}","templated":true}]}}