{"id":18738,"date":"2025-09-25T09:36:53","date_gmt":"2025-09-25T07:36:53","guid":{"rendered":"https:\/\/elwood.agency\/?page_id=18738"},"modified":"2025-09-25T09:46:36","modified_gmt":"2025-09-25T07:46:36","slug":"esperienza-utente-b2b-design-e-funzionalita-al-servizio-del-business","status":"publish","type":"page","link":"https:\/\/elwood.agency\/it\/esperienza-utente-b2b-design-e-funzionalita-al-servizio-del-business\/","title":{"rendered":"Esperienza utente B2B: design e funzionalit\u00e0 al servizio del business"},"content":{"rendered":"\t\t<div data-elementor-type=\"wp-page\" data-elementor-id=\"18738\" class=\"elementor elementor-18738\" data-elementor-post-type=\"page\">\n\t\t\t\t\t\t<section class=\"elementor-section elementor-top-section elementor-element elementor-element-93ea4fb elementor-section-boxed elementor-section-height-default elementor-section-height-default\" data-id=\"93ea4fb\" data-element_type=\"section\">\n\t\t\t\t\t\t<div class=\"elementor-container elementor-column-gap-default\">\n\t\t\t\t\t<div class=\"elementor-column elementor-col-100 elementor-top-column elementor-element elementor-element-38d7993\" data-id=\"38d7993\" data-element_type=\"column\">\n\t\t\t<div class=\"elementor-widget-wrap elementor-element-populated\">\n\t\t\t\t\t\t<div class=\"elementor-element elementor-element-5bab3b2 elementor-widget elementor-widget-text-editor\" data-id=\"5bab3b2\" data-element_type=\"widget\" data-widget_type=\"text-editor.default\">\n\t\t\t\t<div class=\"elementor-widget-container\">\n\t\t\t\t\t\t\t\t\t<p>Quando pensiamo all\u2019esperienza utente (UX) nel mondo dell\u2019eCommerce, spesso ci viene in mente il classico sito <strong>B2C: design accattivante, percorsi emozionali, promozioni in evidenza. Ma nel contesto B2B, l\u2019obiettivo non \u00e8 solo vendere, ma semplificare processi,<\/strong> migliorare l\u2019efficienza operativa e offrire un\u2019esperienza chiara, fluida e coerente. Ecco perch\u00e9 la progettazione UX per l\u2019eCommerce B2B richiede un approccio mirato, funzionale e orientato al business.<\/p>\t\t\t\t\t\t\t\t<\/div>\n\t\t\t\t<\/div>\n\t\t\t\t\t<\/div>\n\t\t<\/div>\n\t\t\t\t\t<\/div>\n\t\t<\/section>\n\t\t\t\t<section class=\"elementor-section elementor-top-section elementor-element elementor-element-9e31bb1 elementor-section-boxed elementor-section-height-default elementor-section-height-default\" data-id=\"9e31bb1\" data-element_type=\"section\">\n\t\t\t\t\t\t<div class=\"elementor-container elementor-column-gap-default\">\n\t\t\t\t\t<div class=\"elementor-column elementor-col-100 elementor-top-column elementor-element elementor-element-c45ce35\" data-id=\"c45ce35\" data-element_type=\"column\">\n\t\t\t<div class=\"elementor-widget-wrap elementor-element-populated\">\n\t\t\t\t\t\t<div class=\"elementor-element elementor-element-ead9553 elementor-widget elementor-widget-heading\" data-id=\"ead9553\" data-element_type=\"widget\" data-widget_type=\"heading.default\">\n\t\t\t\t<div class=\"elementor-widget-container\">\n\t\t\t\t\t<h2 class=\"elementor-heading-title elementor-size-default\">Perch\u00e9 la UX \u00e8 fondamentale nel B2B<\/h2>\t\t\t\t<\/div>\n\t\t\t\t<\/div>\n\t\t\t\t\t<\/div>\n\t\t<\/div>\n\t\t\t\t\t<\/div>\n\t\t<\/section>\n\t\t\t\t<section class=\"elementor-section elementor-top-section elementor-element elementor-element-5302d33 elementor-section-boxed elementor-section-height-default elementor-section-height-default\" data-id=\"5302d33\" data-element_type=\"section\">\n\t\t\t\t\t\t<div class=\"elementor-container elementor-column-gap-default\">\n\t\t\t\t\t<div class=\"elementor-column elementor-col-100 elementor-top-column elementor-element elementor-element-2fd1b92\" data-id=\"2fd1b92\" data-element_type=\"column\">\n\t\t\t<div class=\"elementor-widget-wrap elementor-element-populated\">\n\t\t\t\t\t\t<div class=\"elementor-element elementor-element-8213a56 elementor-widget elementor-widget-text-editor\" data-id=\"8213a56\" data-element_type=\"widget\" data-widget_type=\"text-editor.default\">\n\t\t\t\t<div class=\"elementor-widget-container\">\n\t\t\t\t\t\t\t\t\t<p>Nel commercio B2B, l\u2019utente finale non \u00e8 un consumatore impulsivo, ma spesso un professionista con esigenze precise, che effettua ordini ripetitivi, ricerca schede tecniche, gestisce preventivi o consulta disponibilit\u00e0 in tempo reale.<br \/>Una UX ben progettata consente di:<br \/><strong>\u2022 Ridurre errori nei processi di acquisto<\/strong><br \/><strong>\u2022 Velocizzare il completamento degli ordini<\/strong><br \/><strong>\u2022 Aumentare la soddisfazione del cliente e la fidelizzazione<\/strong><br \/><strong>\u2022 Ridurre il carico sul customer care<\/strong><br \/><strong>\u2022 Ottimizzare i costi interni legati a ordini, preventivi e assistenza<\/strong><br \/>Nel B2B, ogni clic in pi\u00f9 pu\u00f2 diventare un ostacolo. L\u2019efficienza \u00e8 il vero valore.<\/p>\t\t\t\t\t\t\t\t<\/div>\n\t\t\t\t<\/div>\n\t\t\t\t\t<\/div>\n\t\t<\/div>\n\t\t\t\t\t<\/div>\n\t\t<\/section>\n\t\t\t\t<section class=\"elementor-section elementor-top-section elementor-element elementor-element-e919c78 elementor-section-boxed elementor-section-height-default elementor-section-height-default\" data-id=\"e919c78\" data-element_type=\"section\">\n\t\t\t\t\t\t<div class=\"elementor-container elementor-column-gap-default\">\n\t\t\t\t\t<div class=\"elementor-column elementor-col-100 elementor-top-column elementor-element elementor-element-24c03b4\" data-id=\"24c03b4\" data-element_type=\"column\">\n\t\t\t<div class=\"elementor-widget-wrap elementor-element-populated\">\n\t\t\t\t\t\t<div class=\"elementor-element elementor-element-1ebb5a3 elementor-widget elementor-widget-heading\" data-id=\"1ebb5a3\" data-element_type=\"widget\" data-widget_type=\"heading.default\">\n\t\t\t\t<div class=\"elementor-widget-container\">\n\t\t\t\t\t<h2 class=\"elementor-heading-title elementor-size-default\">Le principali differenze tra UX B2C e B2B<\/h2>\t\t\t\t<\/div>\n\t\t\t\t<\/div>\n\t\t\t\t\t<\/div>\n\t\t<\/div>\n\t\t\t\t\t<\/div>\n\t\t<\/section>\n\t\t\t\t<section class=\"elementor-section elementor-top-section elementor-element elementor-element-a8dcc7a elementor-section-boxed elementor-section-height-default elementor-section-height-default\" data-id=\"a8dcc7a\" data-element_type=\"section\">\n\t\t\t\t\t\t<div class=\"elementor-container elementor-column-gap-default\">\n\t\t\t\t\t<div class=\"elementor-column elementor-col-100 elementor-top-column elementor-element elementor-element-f24df28\" data-id=\"f24df28\" data-element_type=\"column\">\n\t\t\t<div class=\"elementor-widget-wrap elementor-element-populated\">\n\t\t\t\t\t\t<div class=\"elementor-element elementor-element-50f86e6 elementor-widget elementor-widget-text-editor\" data-id=\"50f86e6\" data-element_type=\"widget\" data-widget_type=\"text-editor.default\">\n\t\t\t\t<div class=\"elementor-widget-container\">\n\t\t\t\t\t\t\t\t\t<p>\u00c8 importante non trasferire automaticamente le logiche del B2C in un portale B2B. I comportamenti degli utenti e i loro obiettivi sono profondamente diversi.<br \/>Ecco alcune differenze chiave:<br \/><strong>\u2022 Obiettivo d\u2019acquisto razionale:<\/strong> il cliente B2B valuta costi, tempi di consegna, condizioni commerciali e caratteristiche tecniche, non l\u2019emozione del momento.<br \/><strong>\u2022 Accessi multiutente:<\/strong> spesso un account aziendale ha pi\u00f9 utenti con ruoli differenti, ciascuno con permessi specifici (acquisto, consultazione, approvazione).<br \/><strong>\u2022 Ordini complessi e ricorrenti:<\/strong> nel B2B si lavora con listini personalizzati, codici prodotto, ordini ripetuti e referenze tecniche.<br \/><strong>\u2022 Flussi di approvazione:<\/strong> alcune aziende richiedono approvazioni interne prima di concludere l\u2019ordine.<br \/><strong>\u2022 Interfaccia meno \u201cvisual\u201d, pi\u00f9 operativa:<\/strong> l\u2019estetica conta, ma l\u2019efficienza d\u2019uso \u00e8 prioritaria.<\/p>\t\t\t\t\t\t\t\t<\/div>\n\t\t\t\t<\/div>\n\t\t\t\t\t<\/div>\n\t\t<\/div>\n\t\t\t\t\t<\/div>\n\t\t<\/section>\n\t\t\t\t<section class=\"elementor-section elementor-top-section elementor-element elementor-element-1348a5f elementor-section-boxed elementor-section-height-default elementor-section-height-default\" data-id=\"1348a5f\" data-element_type=\"section\">\n\t\t\t\t\t\t<div class=\"elementor-container elementor-column-gap-default\">\n\t\t\t\t\t<div class=\"elementor-column elementor-col-100 elementor-top-column elementor-element elementor-element-4706b40\" data-id=\"4706b40\" data-element_type=\"column\">\n\t\t\t<div class=\"elementor-widget-wrap elementor-element-populated\">\n\t\t\t\t\t\t<div class=\"elementor-element elementor-element-69f77c3 elementor-widget elementor-widget-heading\" data-id=\"69f77c3\" data-element_type=\"widget\" data-widget_type=\"heading.default\">\n\t\t\t\t<div class=\"elementor-widget-container\">\n\t\t\t\t\t<h2 class=\"elementor-heading-title elementor-size-default\">Come progettare un\u2019interfaccia chiara e intuitiva<\/h2>\t\t\t\t<\/div>\n\t\t\t\t<\/div>\n\t\t\t\t\t<\/div>\n\t\t<\/div>\n\t\t\t\t\t<\/div>\n\t\t<\/section>\n\t\t\t\t<section class=\"elementor-section elementor-top-section elementor-element elementor-element-8e524f6 elementor-section-boxed elementor-section-height-default elementor-section-height-default\" data-id=\"8e524f6\" data-element_type=\"section\">\n\t\t\t\t\t\t<div class=\"elementor-container elementor-column-gap-default\">\n\t\t\t\t\t<div class=\"elementor-column elementor-col-100 elementor-top-column elementor-element elementor-element-6ba9891\" data-id=\"6ba9891\" data-element_type=\"column\">\n\t\t\t<div class=\"elementor-widget-wrap elementor-element-populated\">\n\t\t\t\t\t\t<div class=\"elementor-element elementor-element-a3e71f5 elementor-widget elementor-widget-text-editor\" data-id=\"a3e71f5\" data-element_type=\"widget\" data-widget_type=\"text-editor.default\">\n\t\t\t\t<div class=\"elementor-widget-container\">\n\t\t\t\t\t\t\t\t\t<p>Un buon design UX non significa solo \u201cgrafica bella\u201d, ma soprattutto interfaccia funzionale e navigazione efficace. La chiarezza \u00e8 essenziale: l\u2019utente deve sapere sempre dove si trova, cosa pu\u00f2 fare e come ottenere ci\u00f2 di cui ha bisogno.<\/p>\t\t\t\t\t\t\t\t<\/div>\n\t\t\t\t<\/div>\n\t\t\t\t\t<\/div>\n\t\t<\/div>\n\t\t\t\t\t<\/div>\n\t\t<\/section>\n\t\t\t\t<section class=\"elementor-section elementor-top-section elementor-element elementor-element-190ff02 elementor-section-boxed elementor-section-height-default elementor-section-height-default\" data-id=\"190ff02\" data-element_type=\"section\">\n\t\t\t\t\t\t<div class=\"elementor-container elementor-column-gap-default\">\n\t\t\t\t\t<div class=\"elementor-column elementor-col-100 elementor-top-column elementor-element elementor-element-7775d18\" data-id=\"7775d18\" data-element_type=\"column\">\n\t\t\t<div class=\"elementor-widget-wrap elementor-element-populated\">\n\t\t\t\t\t\t<div class=\"elementor-element elementor-element-4a0c64e elementor-widget elementor-widget-heading\" data-id=\"4a0c64e\" data-element_type=\"widget\" data-widget_type=\"heading.default\">\n\t\t\t\t<div class=\"elementor-widget-container\">\n\t\t\t\t\t<h2 class=\"elementor-heading-title elementor-size-default\">Architettura dell\u2019informazione<\/h2>\t\t\t\t<\/div>\n\t\t\t\t<\/div>\n\t\t\t\t\t<\/div>\n\t\t<\/div>\n\t\t\t\t\t<\/div>\n\t\t<\/section>\n\t\t\t\t<section class=\"elementor-section elementor-top-section elementor-element elementor-element-cef9fa0 elementor-section-boxed elementor-section-height-default elementor-section-height-default\" data-id=\"cef9fa0\" data-element_type=\"section\">\n\t\t\t\t\t\t<div class=\"elementor-container elementor-column-gap-default\">\n\t\t\t\t\t<div class=\"elementor-column elementor-col-100 elementor-top-column elementor-element elementor-element-95ea942\" data-id=\"95ea942\" data-element_type=\"column\">\n\t\t\t<div class=\"elementor-widget-wrap elementor-element-populated\">\n\t\t\t\t\t\t<div class=\"elementor-element elementor-element-d7c1781 elementor-widget elementor-widget-text-editor\" data-id=\"d7c1781\" data-element_type=\"widget\" data-widget_type=\"text-editor.default\">\n\t\t\t\t<div class=\"elementor-widget-container\">\n\t\t\t\t\t\t\t\t\t<p>La prima sfida \u00e8 strutturare un\u2019architettura logica e gerarchica, con sezioni ben organizzate: prodotti, categorie, ordini, preventivi, area riservata. Serve una mappa mentale chiara, che aiuti l\u2019utente a orientarsi senza perdersi in menu troppo profondi o etichette ambigue.<br \/>Strumenti utili in fase di progettazione:<br \/>\u2022 Card sorting (per testare la logica delle categorie)<br \/>\u2022 Tree testing (per verificare l\u2019efficacia della struttura)<br \/>\u2022 Wireframe e prototipi interattivi<\/p>\t\t\t\t\t\t\t\t<\/div>\n\t\t\t\t<\/div>\n\t\t\t\t\t<\/div>\n\t\t<\/div>\n\t\t\t\t\t<\/div>\n\t\t<\/section>\n\t\t\t\t<section class=\"elementor-section elementor-top-section elementor-element elementor-element-f739df2 elementor-section-boxed elementor-section-height-default elementor-section-height-default\" data-id=\"f739df2\" data-element_type=\"section\">\n\t\t\t\t\t\t<div class=\"elementor-container elementor-column-gap-default\">\n\t\t\t\t\t<div class=\"elementor-column elementor-col-100 elementor-top-column elementor-element elementor-element-9beac17\" data-id=\"9beac17\" data-element_type=\"column\">\n\t\t\t<div class=\"elementor-widget-wrap elementor-element-populated\">\n\t\t\t\t\t\t<div class=\"elementor-element elementor-element-09c9dfc elementor-widget elementor-widget-heading\" data-id=\"09c9dfc\" data-element_type=\"widget\" data-widget_type=\"heading.default\">\n\t\t\t\t<div class=\"elementor-widget-container\">\n\t\t\t\t\t<h2 class=\"elementor-heading-title elementor-size-default\">Navigazione semplificata<\/h2>\t\t\t\t<\/div>\n\t\t\t\t<\/div>\n\t\t\t\t\t<\/div>\n\t\t<\/div>\n\t\t\t\t\t<\/div>\n\t\t<\/section>\n\t\t\t\t<section class=\"elementor-section elementor-top-section elementor-element elementor-element-9ac8965 elementor-section-boxed elementor-section-height-default elementor-section-height-default\" data-id=\"9ac8965\" data-element_type=\"section\">\n\t\t\t\t\t\t<div class=\"elementor-container elementor-column-gap-default\">\n\t\t\t\t\t<div class=\"elementor-column elementor-col-100 elementor-top-column elementor-element elementor-element-ee2304f\" data-id=\"ee2304f\" data-element_type=\"column\">\n\t\t\t<div class=\"elementor-widget-wrap elementor-element-populated\">\n\t\t\t\t\t\t<div class=\"elementor-element elementor-element-b305db4 elementor-widget elementor-widget-text-editor\" data-id=\"b305db4\" data-element_type=\"widget\" data-widget_type=\"text-editor.default\">\n\t\t\t\t<div class=\"elementor-widget-container\">\n\t\t\t\t\t\t\t\t\t<p>Un portale B2B deve essere rapido da consultare. Alcune best practice:<br \/>\u2022 Search avanzata con filtri tecnici (per codice, brand, caratteristiche)<br \/>\u2022 Menu ben segmentato (prodotti, documenti, ordini, fatture)<br \/>\u2022 Breadcrumb visibili per sapere sempre dove ci si trova<br \/>\u2022 Dashboard personalizzata all\u2019accesso, con dati rilevanti per ogni utente<br \/>Ridurre i clic necessari per completare un\u2019azione \u00e8 fondamentale. Ad esempio, un cliente abituale non dovrebbe dover cercare ogni volta gli stessi prodotti: \u00e8 meglio offrire un sistema di riordino rapido o \u201cordini ricorrenti\u201d.<\/p>\t\t\t\t\t\t\t\t<\/div>\n\t\t\t\t<\/div>\n\t\t\t\t\t<\/div>\n\t\t<\/div>\n\t\t\t\t\t<\/div>\n\t\t<\/section>\n\t\t\t\t<section class=\"elementor-section elementor-top-section elementor-element elementor-element-39f03b8 elementor-section-boxed elementor-section-height-default elementor-section-height-default\" data-id=\"39f03b8\" data-element_type=\"section\">\n\t\t\t\t\t\t<div class=\"elementor-container elementor-column-gap-default\">\n\t\t\t\t\t<div class=\"elementor-column elementor-col-100 elementor-top-column elementor-element elementor-element-8297321\" data-id=\"8297321\" data-element_type=\"column\">\n\t\t\t<div class=\"elementor-widget-wrap elementor-element-populated\">\n\t\t\t\t\t\t<div class=\"elementor-element elementor-element-c2e17fa elementor-widget elementor-widget-heading\" data-id=\"c2e17fa\" data-element_type=\"widget\" data-widget_type=\"heading.default\">\n\t\t\t\t<div class=\"elementor-widget-container\">\n\t\t\t\t\t<h2 class=\"elementor-heading-title elementor-size-default\">Ottimizzazione mobile e performance<\/h2>\t\t\t\t<\/div>\n\t\t\t\t<\/div>\n\t\t\t\t\t<\/div>\n\t\t<\/div>\n\t\t\t\t\t<\/div>\n\t\t<\/section>\n\t\t\t\t<section class=\"elementor-section elementor-top-section elementor-element elementor-element-2cd5054 elementor-section-boxed elementor-section-height-default elementor-section-height-default\" data-id=\"2cd5054\" data-element_type=\"section\">\n\t\t\t\t\t\t<div class=\"elementor-container elementor-column-gap-default\">\n\t\t\t\t\t<div class=\"elementor-column elementor-col-100 elementor-top-column elementor-element elementor-element-4b43454\" data-id=\"4b43454\" data-element_type=\"column\">\n\t\t\t<div class=\"elementor-widget-wrap elementor-element-populated\">\n\t\t\t\t\t\t<div class=\"elementor-element elementor-element-bc3f617 elementor-widget elementor-widget-text-editor\" data-id=\"bc3f617\" data-element_type=\"widget\" data-widget_type=\"text-editor.default\">\n\t\t\t\t<div class=\"elementor-widget-container\">\n\t\t\t\t\t\t\t\t\t<p>Anche se nel B2B il desktop \u00e8 ancora il device pi\u00f9 usato, il mobile ha un ruolo crescente, soprattutto per agenti, tecnici e buyer in movimento. Per questo \u00e8 essenziale avere:<br \/><strong>\u2022 Design responsive<\/strong> perfettamente adattato a tablet e smartphone<br \/><strong>\u2022 Pulsanti grandi, leggibili, ben spaziati<\/strong><br \/><strong>\u2022 Interfaccia snella<\/strong>, con tempi di caricamento ridotti<br \/><strong>\u2022 Gestione del catalogo ottimizzata per schermi piccoli<\/strong><br \/>La velocit\u00e0 \u00e8 un fattore importante anche lato SEO e posizionamento su Google. Un sito lento o pesante scoraggia gli utenti e abbassa i tassi di conversione. \u00c8 bene minimizzare le risorse, usare lazy loading e CDN, comprimere immagini e utilizzare font di sistema.<\/p>\t\t\t\t\t\t\t\t<\/div>\n\t\t\t\t<\/div>\n\t\t\t\t\t<\/div>\n\t\t<\/div>\n\t\t\t\t\t<\/div>\n\t\t<\/section>\n\t\t\t\t<section class=\"elementor-section elementor-top-section elementor-element elementor-element-d321959 elementor-section-boxed elementor-section-height-default elementor-section-height-default\" data-id=\"d321959\" data-element_type=\"section\">\n\t\t\t\t\t\t<div class=\"elementor-container elementor-column-gap-default\">\n\t\t\t\t\t<div class=\"elementor-column elementor-col-100 elementor-top-column elementor-element elementor-element-a56f498\" data-id=\"a56f498\" data-element_type=\"column\">\n\t\t\t<div class=\"elementor-widget-wrap elementor-element-populated\">\n\t\t\t\t\t\t<div class=\"elementor-element elementor-element-ed00885 elementor-widget elementor-widget-heading\" data-id=\"ed00885\" data-element_type=\"widget\" data-widget_type=\"heading.default\">\n\t\t\t\t<div class=\"elementor-widget-container\">\n\t\t\t\t\t<h2 class=\"elementor-heading-title elementor-size-default\">Personalizzazione dei contenuti in base all\u2019utente<\/h2>\t\t\t\t<\/div>\n\t\t\t\t<\/div>\n\t\t\t\t\t<\/div>\n\t\t<\/div>\n\t\t\t\t\t<\/div>\n\t\t<\/section>\n\t\t\t\t<section class=\"elementor-section elementor-top-section elementor-element elementor-element-c002af3 elementor-section-boxed elementor-section-height-default elementor-section-height-default\" data-id=\"c002af3\" data-element_type=\"section\">\n\t\t\t\t\t\t<div class=\"elementor-container elementor-column-gap-default\">\n\t\t\t\t\t<div class=\"elementor-column elementor-col-100 elementor-top-column elementor-element elementor-element-c43f75d\" data-id=\"c43f75d\" data-element_type=\"column\">\n\t\t\t<div class=\"elementor-widget-wrap elementor-element-populated\">\n\t\t\t\t\t\t<div class=\"elementor-element elementor-element-0f55e79 elementor-widget elementor-widget-text-editor\" data-id=\"0f55e79\" data-element_type=\"widget\" data-widget_type=\"text-editor.default\">\n\t\t\t\t<div class=\"elementor-widget-container\">\n\t\t\t\t\t\t\t\t\t<p>Uno dei maggiori vantaggi in ambito B2B \u00e8 poter personalizzare l\u2019esperienza utente in base al profilo del cliente. Alcuni esempi:<br \/>\u2022 Listini dedicati e sconti visibili solo a utenti loggati<br \/>\u2022 Accesso a contenuti riservati (schede tecniche, documenti, tutorial)<br \/>\u2022 Notifiche personalizzate su ordini, scadenze, novit\u00e0<br \/>\u2022 Dashboard con KPI, storico acquisti, supporto diretto all\u2019agente assegnato<br \/>La personalizzazione pu\u00f2 anche avvenire in fase di navigazione, ad esempio tramite sistemi di raccomandazione intelligente (basati su AI o storico acquisti), che suggeriscono prodotti compatibili o spesso acquistati insieme.<br \/>Progettare un\u2019esperienza utente efficace per un eCommerce B2B significa conoscere profondamente il pubblico di riferimento, le sue necessit\u00e0 operative e le logiche decisionali aziendali. \u00c8 un lavoro che unisce analisi dei dati, progettazione strategica e attenzione al dettaglio.<br \/>Una UX ben strutturata non solo aumenta le conversioni, ma migliora l\u2019immagine aziendale, semplifica il lavoro dei clienti e rafforza le relazioni commerciali. Investire in un design UX professionale non \u00e8 un costo: \u00e8 un acceleratore di business.<\/p>\t\t\t\t\t\t\t\t<\/div>\n\t\t\t\t<\/div>\n\t\t\t\t\t<\/div>\n\t\t<\/div>\n\t\t\t\t\t<\/div>\n\t\t<\/section>\n\t\t\t\t<\/div>\n\t\t","protected":false},"excerpt":{"rendered":"<p>Quando pensiamo all\u2019esperienza utente (UX) nel mondo dell\u2019eCommerce, spesso ci viene in mente il classico sito B2C: design accattivante, percorsi emozionali, promozioni in evidenza. Ma nel contesto B2B, l\u2019obiettivo non \u00e8 solo vendere, ma semplificare processi, migliorare l\u2019efficienza operativa e offrire un\u2019esperienza chiara, fluida e coerente. Ecco perch\u00e9 la progettazione UX per l\u2019eCommerce B2B richiede [&hellip;]<\/p>\n","protected":false},"author":1,"featured_media":0,"parent":0,"menu_order":0,"comment_status":"closed","ping_status":"closed","template":"sales-performance.php","meta":{"inline_featured_image":false,"footnotes":""},"class_list":["post-18738","page","type-page","status-publish","hentry"],"_links":{"self":[{"href":"https:\/\/elwood.agency\/it\/wp-json\/wp\/v2\/pages\/18738","targetHints":{"allow":["GET"]}}],"collection":[{"href":"https:\/\/elwood.agency\/it\/wp-json\/wp\/v2\/pages"}],"about":[{"href":"https:\/\/elwood.agency\/it\/wp-json\/wp\/v2\/types\/page"}],"author":[{"embeddable":true,"href":"https:\/\/elwood.agency\/it\/wp-json\/wp\/v2\/users\/1"}],"replies":[{"embeddable":true,"href":"https:\/\/elwood.agency\/it\/wp-json\/wp\/v2\/comments?post=18738"}],"version-history":[{"count":0,"href":"https:\/\/elwood.agency\/it\/wp-json\/wp\/v2\/pages\/18738\/revisions"}],"wp:attachment":[{"href":"https:\/\/elwood.agency\/it\/wp-json\/wp\/v2\/media?parent=18738"}],"curies":[{"name":"wp","href":"https:\/\/api.w.org\/{rel}","templated":true}]}}