{"id":18713,"date":"2025-09-19T10:48:08","date_gmt":"2025-09-19T08:48:08","guid":{"rendered":"https:\/\/elwood.agency\/?page_id=18713"},"modified":"2025-09-19T10:55:06","modified_gmt":"2025-09-19T08:55:06","slug":"funzionalita-avanzate-per-un-e-commerce-b2b-performante","status":"publish","type":"page","link":"https:\/\/elwood.agency\/it\/funzionalita-avanzate-per-un-e-commerce-b2b-performante\/","title":{"rendered":"Funzionalit\u00e0 avanzate per un e-commerce B2B performante"},"content":{"rendered":"\t\t<div data-elementor-type=\"wp-page\" data-elementor-id=\"18713\" class=\"elementor elementor-18713\" data-elementor-post-type=\"page\">\n\t\t\t\t\t\t<section class=\"elementor-section elementor-top-section elementor-element elementor-element-93ea4fb elementor-section-boxed elementor-section-height-default elementor-section-height-default\" data-id=\"93ea4fb\" data-element_type=\"section\">\n\t\t\t\t\t\t<div class=\"elementor-container elementor-column-gap-default\">\n\t\t\t\t\t<div class=\"elementor-column elementor-col-100 elementor-top-column elementor-element elementor-element-38d7993\" data-id=\"38d7993\" data-element_type=\"column\">\n\t\t\t<div class=\"elementor-widget-wrap elementor-element-populated\">\n\t\t\t\t\t\t<div class=\"elementor-element elementor-element-5bab3b2 elementor-widget elementor-widget-text-editor\" data-id=\"5bab3b2\" data-element_type=\"widget\" data-widget_type=\"text-editor.default\">\n\t\t\t\t<div class=\"elementor-widget-container\">\n\t\t\t\t\t\t\t\t\t<p>Il mondo del commercio elettronico B2B richiede strumenti altamente specializzati. A differenza del B2C, un e-commerce B2B deve rispecchiare le dinamiche aziendali, <strong>adattarsi a flussi di vendita articolati<\/strong>, integrare listini multipli, supportare la rete commerciale e offrire automazioni che semplificano la gestione operativa. Vediamo quali sono le funzionalit\u00e0 avanzate davvero indispensabili per rendere efficace una piattaforma B2B.<\/p>\t\t\t\t\t\t\t\t<\/div>\n\t\t\t\t<\/div>\n\t\t\t\t\t<\/div>\n\t\t<\/div>\n\t\t\t\t\t<\/div>\n\t\t<\/section>\n\t\t\t\t<section class=\"elementor-section elementor-top-section elementor-element elementor-element-9e31bb1 elementor-section-boxed elementor-section-height-default elementor-section-height-default\" data-id=\"9e31bb1\" data-element_type=\"section\">\n\t\t\t\t\t\t<div class=\"elementor-container elementor-column-gap-default\">\n\t\t\t\t\t<div class=\"elementor-column elementor-col-100 elementor-top-column elementor-element elementor-element-c45ce35\" data-id=\"c45ce35\" data-element_type=\"column\">\n\t\t\t<div class=\"elementor-widget-wrap elementor-element-populated\">\n\t\t\t\t\t\t<div class=\"elementor-element elementor-element-ead9553 elementor-widget elementor-widget-heading\" data-id=\"ead9553\" data-element_type=\"widget\" data-widget_type=\"heading.default\">\n\t\t\t\t<div class=\"elementor-widget-container\">\n\t\t\t\t\t<h2 class=\"elementor-heading-title elementor-size-default\">Le esigenze specifiche del commercio B2B<\/h2>\t\t\t\t<\/div>\n\t\t\t\t<\/div>\n\t\t\t\t\t<\/div>\n\t\t<\/div>\n\t\t\t\t\t<\/div>\n\t\t<\/section>\n\t\t\t\t<section class=\"elementor-section elementor-top-section elementor-element elementor-element-5302d33 elementor-section-boxed elementor-section-height-default elementor-section-height-default\" data-id=\"5302d33\" data-element_type=\"section\">\n\t\t\t\t\t\t<div class=\"elementor-container elementor-column-gap-default\">\n\t\t\t\t\t<div class=\"elementor-column elementor-col-100 elementor-top-column elementor-element elementor-element-2fd1b92\" data-id=\"2fd1b92\" data-element_type=\"column\">\n\t\t\t<div class=\"elementor-widget-wrap elementor-element-populated\">\n\t\t\t\t\t\t<div class=\"elementor-element elementor-element-8213a56 elementor-widget elementor-widget-text-editor\" data-id=\"8213a56\" data-element_type=\"widget\" data-widget_type=\"text-editor.default\">\n\t\t\t\t<div class=\"elementor-widget-container\">\n\t\t\t\t\t\t\t\t\t<p>Nel B2B, l\u2019esperienza d\u2019acquisto deve tenere conto di:<br \/><strong>\u2022 Volumi d\u2019ordine elevati e ripetitivi<\/strong><br \/><strong>\u2022 Prezzi negoziati e personalizzati<\/strong><br \/><strong>\u2022 Clienti con ruoli e permessi differenti<\/strong><br \/><strong>\u2022 Relazioni consolidate tra azienda e cliente<\/strong><br \/><strong>\u2022 Integrazioni con sistemi gestionali e logistica<\/strong><br \/>Questi elementi rendono necessaria una struttura pi\u00f9 flessibile e potente rispetto a un classico eCommerce al dettaglio.<\/p>\t\t\t\t\t\t\t\t<\/div>\n\t\t\t\t<\/div>\n\t\t\t\t\t<\/div>\n\t\t<\/div>\n\t\t\t\t\t<\/div>\n\t\t<\/section>\n\t\t\t\t<section class=\"elementor-section elementor-top-section elementor-element elementor-element-e919c78 elementor-section-boxed elementor-section-height-default elementor-section-height-default\" data-id=\"e919c78\" data-element_type=\"section\">\n\t\t\t\t\t\t<div class=\"elementor-container elementor-column-gap-default\">\n\t\t\t\t\t<div class=\"elementor-column elementor-col-100 elementor-top-column elementor-element elementor-element-24c03b4\" data-id=\"24c03b4\" data-element_type=\"column\">\n\t\t\t<div class=\"elementor-widget-wrap elementor-element-populated\">\n\t\t\t\t\t\t<div class=\"elementor-element elementor-element-1ebb5a3 elementor-widget elementor-widget-heading\" data-id=\"1ebb5a3\" data-element_type=\"widget\" data-widget_type=\"heading.default\">\n\t\t\t\t<div class=\"elementor-widget-container\">\n\t\t\t\t\t<h2 class=\"elementor-heading-title elementor-size-default\">Registrazione clienti con approvazione<\/h2>\t\t\t\t<\/div>\n\t\t\t\t<\/div>\n\t\t\t\t\t<\/div>\n\t\t<\/div>\n\t\t\t\t\t<\/div>\n\t\t<\/section>\n\t\t\t\t<section class=\"elementor-section elementor-top-section elementor-element elementor-element-a8dcc7a elementor-section-boxed elementor-section-height-default elementor-section-height-default\" data-id=\"a8dcc7a\" data-element_type=\"section\">\n\t\t\t\t\t\t<div class=\"elementor-container elementor-column-gap-default\">\n\t\t\t\t\t<div class=\"elementor-column elementor-col-100 elementor-top-column elementor-element elementor-element-f24df28\" data-id=\"f24df28\" data-element_type=\"column\">\n\t\t\t<div class=\"elementor-widget-wrap elementor-element-populated\">\n\t\t\t\t\t\t<div class=\"elementor-element elementor-element-50f86e6 elementor-widget elementor-widget-text-editor\" data-id=\"50f86e6\" data-element_type=\"widget\" data-widget_type=\"text-editor.default\">\n\t\t\t\t<div class=\"elementor-widget-container\">\n\t\t\t\t\t\t\t\t\t<p>Un e-commerce B2B deve prevedere un processo di registrazione avanzato, in cui l\u2019amministratore pu\u00f2 approvare (o rifiutare) ogni nuovo cliente. \u00c8 fondamentale acquisire informazioni aziendali come partita IVA, codice SDI, settore di attivit\u00e0, eventualmente con verifica automatica su banche dati pubbliche.<br \/>Questo processo consente di:<br \/><strong>\u2022 Filtrare clienti non qualificati<\/strong><br \/><strong>\u2022 Attivare condizioni commerciali differenziate<\/strong><br \/><strong>\u2022 Migliorare la compliance amministrativa e fiscale<\/strong><\/p>\t\t\t\t\t\t\t\t<\/div>\n\t\t\t\t<\/div>\n\t\t\t\t\t<\/div>\n\t\t<\/div>\n\t\t\t\t\t<\/div>\n\t\t<\/section>\n\t\t\t\t<section class=\"elementor-section elementor-top-section elementor-element elementor-element-1348a5f elementor-section-boxed elementor-section-height-default elementor-section-height-default\" data-id=\"1348a5f\" data-element_type=\"section\">\n\t\t\t\t\t\t<div class=\"elementor-container elementor-column-gap-default\">\n\t\t\t\t\t<div class=\"elementor-column elementor-col-100 elementor-top-column elementor-element elementor-element-4706b40\" data-id=\"4706b40\" data-element_type=\"column\">\n\t\t\t<div class=\"elementor-widget-wrap elementor-element-populated\">\n\t\t\t\t\t\t<div class=\"elementor-element elementor-element-69f77c3 elementor-widget elementor-widget-heading\" data-id=\"69f77c3\" data-element_type=\"widget\" data-widget_type=\"heading.default\">\n\t\t\t\t<div class=\"elementor-widget-container\">\n\t\t\t\t\t<h2 class=\"elementor-heading-title elementor-size-default\">Listini personalizzati e scontistiche multiple<\/h2>\t\t\t\t<\/div>\n\t\t\t\t<\/div>\n\t\t\t\t\t<\/div>\n\t\t<\/div>\n\t\t\t\t\t<\/div>\n\t\t<\/section>\n\t\t\t\t<section class=\"elementor-section elementor-top-section elementor-element elementor-element-8e524f6 elementor-section-boxed elementor-section-height-default elementor-section-height-default\" data-id=\"8e524f6\" data-element_type=\"section\">\n\t\t\t\t\t\t<div class=\"elementor-container elementor-column-gap-default\">\n\t\t\t\t\t<div class=\"elementor-column elementor-col-100 elementor-top-column elementor-element elementor-element-6ba9891\" data-id=\"6ba9891\" data-element_type=\"column\">\n\t\t\t<div class=\"elementor-widget-wrap elementor-element-populated\">\n\t\t\t\t\t\t<div class=\"elementor-element elementor-element-a3e71f5 elementor-widget elementor-widget-text-editor\" data-id=\"a3e71f5\" data-element_type=\"widget\" data-widget_type=\"text-editor.default\">\n\t\t\t\t<div class=\"elementor-widget-container\">\n\t\t\t\t\t\t\t\t\t<p>Una delle caratteristiche cardine \u00e8 la possibilit\u00e0 di assegnare listini personalizzati per cliente o gruppo, con scontistiche basate su volume, frequenza, prodotti o categoria. I prezzi devono poter variare in base a:<br \/><strong>\u2022 Valuta o Paese<\/strong><br \/><strong>\u2022 Condizioni contrattuali<\/strong><br \/><strong>\u2022 Quantit\u00e0 ordinate<\/strong><br \/>Sistemi avanzati permettono anche la gestione di promozioni riservate, bundle dinamici e regole complesse di pricing.<\/p>\t\t\t\t\t\t\t\t<\/div>\n\t\t\t\t<\/div>\n\t\t\t\t\t<\/div>\n\t\t<\/div>\n\t\t\t\t\t<\/div>\n\t\t<\/section>\n\t\t\t\t<section class=\"elementor-section elementor-top-section elementor-element elementor-element-190ff02 elementor-section-boxed elementor-section-height-default elementor-section-height-default\" data-id=\"190ff02\" data-element_type=\"section\">\n\t\t\t\t\t\t<div class=\"elementor-container elementor-column-gap-default\">\n\t\t\t\t\t<div class=\"elementor-column elementor-col-100 elementor-top-column elementor-element elementor-element-7775d18\" data-id=\"7775d18\" data-element_type=\"column\">\n\t\t\t<div class=\"elementor-widget-wrap elementor-element-populated\">\n\t\t\t\t\t\t<div class=\"elementor-element elementor-element-4a0c64e elementor-widget elementor-widget-heading\" data-id=\"4a0c64e\" data-element_type=\"widget\" data-widget_type=\"heading.default\">\n\t\t\t\t<div class=\"elementor-widget-container\">\n\t\t\t\t\t<h2 class=\"elementor-heading-title elementor-size-default\">Gestione preventivi e ordini su misura<\/h2>\t\t\t\t<\/div>\n\t\t\t\t<\/div>\n\t\t\t\t\t<\/div>\n\t\t<\/div>\n\t\t\t\t\t<\/div>\n\t\t<\/section>\n\t\t\t\t<section class=\"elementor-section elementor-top-section elementor-element elementor-element-cef9fa0 elementor-section-boxed elementor-section-height-default elementor-section-height-default\" data-id=\"cef9fa0\" data-element_type=\"section\">\n\t\t\t\t\t\t<div class=\"elementor-container elementor-column-gap-default\">\n\t\t\t\t\t<div class=\"elementor-column elementor-col-100 elementor-top-column elementor-element elementor-element-95ea942\" data-id=\"95ea942\" data-element_type=\"column\">\n\t\t\t<div class=\"elementor-widget-wrap elementor-element-populated\">\n\t\t\t\t\t\t<div class=\"elementor-element elementor-element-d7c1781 elementor-widget elementor-widget-text-editor\" data-id=\"d7c1781\" data-element_type=\"widget\" data-widget_type=\"text-editor.default\">\n\t\t\t\t<div class=\"elementor-widget-container\">\n\t\t\t\t\t\t\t\t\t<p>In ambito B2B, spesso l\u2019acquisto non avviene direttamente, ma tramite una richiesta di preventivo. Il sistema deve quindi offrire:<br \/><strong>\u2022 Modulo per richiesta preventivo personalizzato<\/strong><br \/><strong>\u2022 Possibilit\u00e0 per il commerciale di modificare manualmente i prezzi<\/strong><br \/><strong>\u2022 Salvataggio e approvazione di ordini temporanei<\/strong> o su misura<br \/>Questo flusso migliora la trattativa e riduce la necessit\u00e0 di contatti esterni alla piattaforma.<\/p>\t\t\t\t\t\t\t\t<\/div>\n\t\t\t\t<\/div>\n\t\t\t\t\t<\/div>\n\t\t<\/div>\n\t\t\t\t\t<\/div>\n\t\t<\/section>\n\t\t\t\t<section class=\"elementor-section elementor-top-section elementor-element elementor-element-f739df2 elementor-section-boxed elementor-section-height-default elementor-section-height-default\" data-id=\"f739df2\" data-element_type=\"section\">\n\t\t\t\t\t\t<div class=\"elementor-container elementor-column-gap-default\">\n\t\t\t\t\t<div class=\"elementor-column elementor-col-100 elementor-top-column elementor-element elementor-element-9beac17\" data-id=\"9beac17\" data-element_type=\"column\">\n\t\t\t<div class=\"elementor-widget-wrap elementor-element-populated\">\n\t\t\t\t\t\t<div class=\"elementor-element elementor-element-09c9dfc elementor-widget elementor-widget-heading\" data-id=\"09c9dfc\" data-element_type=\"widget\" data-widget_type=\"heading.default\">\n\t\t\t\t<div class=\"elementor-widget-container\">\n\t\t\t\t\t<h2 class=\"elementor-heading-title elementor-size-default\">Ruolo degli agenti e configuratori di prodotto<\/h2>\t\t\t\t<\/div>\n\t\t\t\t<\/div>\n\t\t\t\t\t<\/div>\n\t\t<\/div>\n\t\t\t\t\t<\/div>\n\t\t<\/section>\n\t\t\t\t<section class=\"elementor-section elementor-top-section elementor-element elementor-element-9ac8965 elementor-section-boxed elementor-section-height-default elementor-section-height-default\" data-id=\"9ac8965\" data-element_type=\"section\">\n\t\t\t\t\t\t<div class=\"elementor-container elementor-column-gap-default\">\n\t\t\t\t\t<div class=\"elementor-column elementor-col-100 elementor-top-column elementor-element elementor-element-ee2304f\" data-id=\"ee2304f\" data-element_type=\"column\">\n\t\t\t<div class=\"elementor-widget-wrap elementor-element-populated\">\n\t\t\t\t\t\t<div class=\"elementor-element elementor-element-b305db4 elementor-widget elementor-widget-text-editor\" data-id=\"b305db4\" data-element_type=\"widget\" data-widget_type=\"text-editor.default\">\n\t\t\t\t<div class=\"elementor-widget-container\">\n\t\t\t\t\t\t\t\t\t<p>Per molte aziende, il supporto della rete commerciale \u00e8 cruciale. Ecco perch\u00e9 \u00e8 utile implementare:<br \/><strong>\u2022 Ruoli agenti con accesso ai clienti assegnati<\/strong><br \/><strong>\u2022 Dashboard per monitorare le performance<\/strong><br \/><strong>\u2022 Possibilit\u00e0 per l\u2019agente di creare preventivi e ordini in autonomia<\/strong><br \/>A questi strumenti si possono affiancare configuratori di prodotto, utili in settori complessi dove gli articoli hanno varianti tecniche, combinazioni o accessori personalizzabili.<\/p>\t\t\t\t\t\t\t\t<\/div>\n\t\t\t\t<\/div>\n\t\t\t\t\t<\/div>\n\t\t<\/div>\n\t\t\t\t\t<\/div>\n\t\t<\/section>\n\t\t\t\t<section class=\"elementor-section elementor-top-section elementor-element elementor-element-39f03b8 elementor-section-boxed elementor-section-height-default elementor-section-height-default\" data-id=\"39f03b8\" data-element_type=\"section\">\n\t\t\t\t\t\t<div class=\"elementor-container elementor-column-gap-default\">\n\t\t\t\t\t<div class=\"elementor-column elementor-col-100 elementor-top-column elementor-element elementor-element-8297321\" data-id=\"8297321\" data-element_type=\"column\">\n\t\t\t<div class=\"elementor-widget-wrap elementor-element-populated\">\n\t\t\t\t\t\t<div class=\"elementor-element elementor-element-c2e17fa elementor-widget elementor-widget-heading\" data-id=\"c2e17fa\" data-element_type=\"widget\" data-widget_type=\"heading.default\">\n\t\t\t\t<div class=\"elementor-widget-container\">\n\t\t\t\t\t<h2 class=\"elementor-heading-title elementor-size-default\">I moduli avanzati sviluppati da Elwood<\/h2>\t\t\t\t<\/div>\n\t\t\t\t<\/div>\n\t\t\t\t\t<\/div>\n\t\t<\/div>\n\t\t\t\t\t<\/div>\n\t\t<\/section>\n\t\t\t\t<section class=\"elementor-section elementor-top-section elementor-element elementor-element-2cd5054 elementor-section-boxed elementor-section-height-default elementor-section-height-default\" data-id=\"2cd5054\" data-element_type=\"section\">\n\t\t\t\t\t\t<div class=\"elementor-container elementor-column-gap-default\">\n\t\t\t\t\t<div class=\"elementor-column elementor-col-100 elementor-top-column elementor-element elementor-element-4b43454\" data-id=\"4b43454\" data-element_type=\"column\">\n\t\t\t<div class=\"elementor-widget-wrap elementor-element-populated\">\n\t\t\t\t\t\t<div class=\"elementor-element elementor-element-bc3f617 elementor-widget elementor-widget-text-editor\" data-id=\"bc3f617\" data-element_type=\"widget\" data-widget_type=\"text-editor.default\">\n\t\t\t\t<div class=\"elementor-widget-container\">\n\t\t\t\t\t\t\t\t\t<p>Per rispondere alle esigenze reali delle aziende italiane, Elwood ha sviluppato una suite di moduli su misura per potenziare le piattaforme eCommerce B2B, soprattutto su PrestaShop e WooCommerce.<\/p>\n<p>\u00a0<\/p>\n<h3>Controllo P.IVA<\/h3>\n<p>Modulo che verifica automaticamente la validit\u00e0 della Partita IVA, sia italiana che estera, tramite VIES o API interne, bloccando registrazioni fraudolente e facilitando la compliance fiscale.<br \/>Sincronizzazione ERP<br \/>Integrazione diretta tra eCommerce e ERP aziendale (come Zucchetti, SAP o soluzioni custom), per sincronizzare in tempo reale:<br \/>\u2022 Listini e disponibilit\u00e0<br \/>\u2022 Anagrafiche clienti<br \/>\u2022 Ordini e documenti di trasporto<br \/>\u2022 Stato fatture e pagamenti<\/p>\n<p>\u00a0<\/p>\n<h3>Spedizioni TNT\/FedEx<\/h3>\n<p>Modulo dedicato per la gestione avanzata delle spedizioni, con generazione automatica di etichette, tracciamento, scelte multiple di corrieri e tariffe differenziate per peso, zona o cliente.<br \/>Automatizzazione e risparmio operativo<br \/>Ogni funzione avanzata deve contribuire non solo a migliorare l\u2019esperienza utente, ma anche a ridurre i tempi e i costi di gestione interna. Automatizzare processi come:<br \/>\u2022 Fatturazione elettronica<br \/>\u2022 Gestione giacenze e riordini automatici<br \/>\u2022 Customer care tramite chat AI o CRM integrato<br \/>\u2022 Reportistica vendite per area\/agente\/cliente<br \/>significa<strong> trasformare l\u2019e-commerce in uno strumento operativo che lavora per l\u2019azienda 24\/7.<\/strong><\/p>\n<p>\u00a0<\/p>\t\t\t\t\t\t\t\t<\/div>\n\t\t\t\t<\/div>\n\t\t\t\t\t<\/div>\n\t\t<\/div>\n\t\t\t\t\t<\/div>\n\t\t<\/section>\n\t\t\t\t<\/div>\n\t\t","protected":false},"excerpt":{"rendered":"<p>Il mondo del commercio elettronico B2B richiede strumenti altamente specializzati. A differenza del B2C, un e-commerce B2B deve rispecchiare le dinamiche aziendali, adattarsi a flussi di vendita articolati, integrare listini multipli, supportare la rete commerciale e offrire automazioni che semplificano la gestione operativa. Vediamo quali sono le funzionalit\u00e0 avanzate davvero indispensabili per rendere efficace una [&hellip;]<\/p>\n","protected":false},"author":1,"featured_media":0,"parent":0,"menu_order":0,"comment_status":"closed","ping_status":"closed","template":"sales-performance.php","meta":{"inline_featured_image":false,"footnotes":""},"class_list":["post-18713","page","type-page","status-publish","hentry"],"_links":{"self":[{"href":"https:\/\/elwood.agency\/it\/wp-json\/wp\/v2\/pages\/18713","targetHints":{"allow":["GET"]}}],"collection":[{"href":"https:\/\/elwood.agency\/it\/wp-json\/wp\/v2\/pages"}],"about":[{"href":"https:\/\/elwood.agency\/it\/wp-json\/wp\/v2\/types\/page"}],"author":[{"embeddable":true,"href":"https:\/\/elwood.agency\/it\/wp-json\/wp\/v2\/users\/1"}],"replies":[{"embeddable":true,"href":"https:\/\/elwood.agency\/it\/wp-json\/wp\/v2\/comments?post=18713"}],"version-history":[{"count":0,"href":"https:\/\/elwood.agency\/it\/wp-json\/wp\/v2\/pages\/18713\/revisions"}],"wp:attachment":[{"href":"https:\/\/elwood.agency\/it\/wp-json\/wp\/v2\/media?parent=18713"}],"curies":[{"name":"wp","href":"https:\/\/api.w.org\/{rel}","templated":true}]}}