{"id":18677,"date":"2025-09-12T11:14:53","date_gmt":"2025-09-12T09:14:53","guid":{"rendered":"https:\/\/elwood.agency\/?page_id=18677"},"modified":"2025-09-16T11:35:52","modified_gmt":"2025-09-16T09:35:52","slug":"scegliere-la-piattaforma-giusta-per-il-tuo-e-commerce-b2b","status":"publish","type":"page","link":"https:\/\/elwood.agency\/it\/scegliere-la-piattaforma-giusta-per-il-tuo-e-commerce-b2b\/","title":{"rendered":"Scegliere la piattaforma giusta per il tuo ecommerce B2B"},"content":{"rendered":"\t\t<div data-elementor-type=\"wp-page\" data-elementor-id=\"18677\" class=\"elementor elementor-18677\" data-elementor-post-type=\"page\">\n\t\t\t\t\t\t<section class=\"elementor-section elementor-top-section elementor-element elementor-element-93ea4fb elementor-section-boxed elementor-section-height-default elementor-section-height-default\" data-id=\"93ea4fb\" data-element_type=\"section\">\n\t\t\t\t\t\t<div class=\"elementor-container elementor-column-gap-default\">\n\t\t\t\t\t<div class=\"elementor-column elementor-col-100 elementor-top-column elementor-element elementor-element-38d7993\" data-id=\"38d7993\" data-element_type=\"column\">\n\t\t\t<div class=\"elementor-widget-wrap elementor-element-populated\">\n\t\t\t\t\t\t<div class=\"elementor-element elementor-element-5bab3b2 elementor-widget elementor-widget-text-editor\" data-id=\"5bab3b2\" data-element_type=\"widget\" data-widget_type=\"text-editor.default\">\n\t\t\t\t<div class=\"elementor-widget-container\">\n\t\t\t\t\t\t\t\t\t<p>A differenza del B2C, dove la velocit\u00e0 d&#8217;acquisto e l\u2019emozionalit\u00e0 del brand contano molto, il B2B si basa su<strong> processi decisionali pi\u00f9 lunghi<\/strong>, su volumi e logiche d&#8217;acquisto differenti, e spesso su relazioni consolidate. Ecco perch\u00e9 una <strong>piattaforma B2B<\/strong> deve offrire flessibilit\u00e0, scalabilit\u00e0 e integrazione con altri sistemi aziendali.<\/p>\t\t\t\t\t\t\t\t<\/div>\n\t\t\t\t<\/div>\n\t\t\t\t\t<\/div>\n\t\t<\/div>\n\t\t\t\t\t<\/div>\n\t\t<\/section>\n\t\t\t\t<section class=\"elementor-section elementor-top-section elementor-element elementor-element-9e31bb1 elementor-section-boxed elementor-section-height-default elementor-section-height-default\" data-id=\"9e31bb1\" data-element_type=\"section\">\n\t\t\t\t\t\t<div class=\"elementor-container elementor-column-gap-default\">\n\t\t\t\t\t<div class=\"elementor-column elementor-col-100 elementor-top-column elementor-element elementor-element-c45ce35\" data-id=\"c45ce35\" data-element_type=\"column\">\n\t\t\t<div class=\"elementor-widget-wrap elementor-element-populated\">\n\t\t\t\t\t\t<div class=\"elementor-element elementor-element-ead9553 elementor-widget elementor-widget-heading\" data-id=\"ead9553\" data-element_type=\"widget\" data-widget_type=\"heading.default\">\n\t\t\t\t<div class=\"elementor-widget-container\">\n\t\t\t\t\t<h2 class=\"elementor-heading-title elementor-size-default\">Cos'\u00e8 una piattaforma e-commerce B2B<\/h2>\t\t\t\t<\/div>\n\t\t\t\t<\/div>\n\t\t\t\t\t<\/div>\n\t\t<\/div>\n\t\t\t\t\t<\/div>\n\t\t<\/section>\n\t\t\t\t<section class=\"elementor-section elementor-top-section elementor-element elementor-element-5302d33 elementor-section-boxed elementor-section-height-default elementor-section-height-default\" data-id=\"5302d33\" data-element_type=\"section\">\n\t\t\t\t\t\t<div class=\"elementor-container elementor-column-gap-default\">\n\t\t\t\t\t<div class=\"elementor-column elementor-col-100 elementor-top-column elementor-element elementor-element-2fd1b92\" data-id=\"2fd1b92\" data-element_type=\"column\">\n\t\t\t<div class=\"elementor-widget-wrap elementor-element-populated\">\n\t\t\t\t\t\t<div class=\"elementor-element elementor-element-8213a56 elementor-widget elementor-widget-text-editor\" data-id=\"8213a56\" data-element_type=\"widget\" data-widget_type=\"text-editor.default\">\n\t\t\t\t<div class=\"elementor-widget-container\">\n\t\t\t\t\t\t\t\t\t<p>Una piattaforma e-commerce B2B \u00e8 un sistema che permette alle aziende di vendere online i propri prodotti o servizi ad altri business. A differenza degli store B2C rivolti al consumatore finale, queste piattaforme devono gestire <strong>listini personalizzati, ordini ricorrenti, preventivi, cataloghi riservati, gestione multilivello degli utenti<\/strong> e processi di approvazione.<\/p>\t\t\t\t\t\t\t\t<\/div>\n\t\t\t\t<\/div>\n\t\t\t\t\t<\/div>\n\t\t<\/div>\n\t\t\t\t\t<\/div>\n\t\t<\/section>\n\t\t\t\t<section class=\"elementor-section elementor-top-section elementor-element elementor-element-e919c78 elementor-section-boxed elementor-section-height-default elementor-section-height-default\" data-id=\"e919c78\" data-element_type=\"section\">\n\t\t\t\t\t\t<div class=\"elementor-container elementor-column-gap-default\">\n\t\t\t\t\t<div class=\"elementor-column elementor-col-100 elementor-top-column elementor-element elementor-element-24c03b4\" data-id=\"24c03b4\" data-element_type=\"column\">\n\t\t\t<div class=\"elementor-widget-wrap elementor-element-populated\">\n\t\t\t\t\t\t<div class=\"elementor-element elementor-element-1ebb5a3 elementor-widget elementor-widget-heading\" data-id=\"1ebb5a3\" data-element_type=\"widget\" data-widget_type=\"heading.default\">\n\t\t\t\t<div class=\"elementor-widget-container\">\n\t\t\t\t\t<h2 class=\"elementor-heading-title elementor-size-default\">Differenze tra CMS per B2B e B2C<\/h2>\t\t\t\t<\/div>\n\t\t\t\t<\/div>\n\t\t\t\t\t<\/div>\n\t\t<\/div>\n\t\t\t\t\t<\/div>\n\t\t<\/section>\n\t\t\t\t<section class=\"elementor-section elementor-top-section elementor-element elementor-element-a8dcc7a elementor-section-boxed elementor-section-height-default elementor-section-height-default\" data-id=\"a8dcc7a\" data-element_type=\"section\">\n\t\t\t\t\t\t<div class=\"elementor-container elementor-column-gap-default\">\n\t\t\t\t\t<div class=\"elementor-column elementor-col-100 elementor-top-column elementor-element elementor-element-f24df28\" data-id=\"f24df28\" data-element_type=\"column\">\n\t\t\t<div class=\"elementor-widget-wrap elementor-element-populated\">\n\t\t\t\t\t\t<div class=\"elementor-element elementor-element-50f86e6 elementor-widget elementor-widget-text-editor\" data-id=\"50f86e6\" data-element_type=\"widget\" data-widget_type=\"text-editor.default\">\n\t\t\t\t<div class=\"elementor-widget-container\">\n\t\t\t\t\t\t\t\t\t<p>Le differenze chiave tra una piattaforma pensata per il B2B e una per il B2C includono:<br \/>\u2022<strong> Gestione multi-account per azienda cliente<\/strong><br \/><strong>\u2022 Prezzi differenziati per cliente o gruppo<\/strong><br \/><strong>\u2022 Integrazione con sistemi ERP e CRM<\/strong><br \/><strong>\u2022 Ordini all\u2019ingrosso e gestione logistica avanzata<\/strong><br \/><strong>\u2022 Workflow di approvazione per acquisti complessi<\/strong><\/p>\t\t\t\t\t\t\t\t<\/div>\n\t\t\t\t<\/div>\n\t\t\t\t\t<\/div>\n\t\t<\/div>\n\t\t\t\t\t<\/div>\n\t\t<\/section>\n\t\t\t\t<section class=\"elementor-section elementor-top-section elementor-element elementor-element-1348a5f elementor-section-boxed elementor-section-height-default elementor-section-height-default\" data-id=\"1348a5f\" data-element_type=\"section\">\n\t\t\t\t\t\t<div class=\"elementor-container elementor-column-gap-default\">\n\t\t\t\t\t<div class=\"elementor-column elementor-col-100 elementor-top-column elementor-element elementor-element-4706b40\" data-id=\"4706b40\" data-element_type=\"column\">\n\t\t\t<div class=\"elementor-widget-wrap elementor-element-populated\">\n\t\t\t\t\t\t<div class=\"elementor-element elementor-element-69f77c3 elementor-widget elementor-widget-heading\" data-id=\"69f77c3\" data-element_type=\"widget\" data-widget_type=\"heading.default\">\n\t\t\t\t<div class=\"elementor-widget-container\">\n\t\t\t\t\t<h2 class=\"elementor-heading-title elementor-size-default\">Confronto tra le principali piattaforme<\/h2>\t\t\t\t<\/div>\n\t\t\t\t<\/div>\n\t\t\t\t\t<\/div>\n\t\t<\/div>\n\t\t\t\t\t<\/div>\n\t\t<\/section>\n\t\t\t\t<section class=\"elementor-section elementor-top-section elementor-element elementor-element-8e524f6 elementor-section-boxed elementor-section-height-default elementor-section-height-default\" data-id=\"8e524f6\" data-element_type=\"section\">\n\t\t\t\t\t\t<div class=\"elementor-container elementor-column-gap-default\">\n\t\t\t\t\t<div class=\"elementor-column elementor-col-100 elementor-top-column elementor-element elementor-element-6ba9891\" data-id=\"6ba9891\" data-element_type=\"column\">\n\t\t\t<div class=\"elementor-widget-wrap elementor-element-populated\">\n\t\t\t\t\t\t<div class=\"elementor-element elementor-element-a3e71f5 elementor-widget elementor-widget-text-editor\" data-id=\"a3e71f5\" data-element_type=\"widget\" data-widget_type=\"text-editor.default\">\n\t\t\t\t<div class=\"elementor-widget-container\">\n\t\t\t\t\t\t\t\t\t<h3>WooCommerce<\/h3><p>Basato su WordPress, WooCommerce \u00e8 una soluzione semplice e modulare. Pu\u00f2 essere esteso con plugin per la gestione B2B, ma non nasce con queste funzionalit\u00e0 native. \u00c8 ideale per chi parte da budget contenuti o ha una struttura B2B leggera.<br \/><strong>Pro:<\/strong><br \/>\u2022 Facile da usare e personalizzare<br \/>\u2022 Ottimo per SEO<br \/>\u2022 Ampia community<br \/><strong>Contro:<\/strong><br \/>\u2022 Non adatto per cataloghi molto estesi<br \/>\u2022 Funzionalit\u00e0 B2B limitate senza plugin aggiuntivi<\/p><p>\u00a0<\/p><h3>PrestaShop<\/h3><p>PrestaShop \u00e8 una piattaforma open-source flessibile e con una buona base di moduli per il B2B. Supporta listini personalizzati, gestione multi-shop e API avanzate.<br \/><strong>Pro:<\/strong><br \/>\u2022 Ottima scalabilit\u00e0 per il B2B<br \/>\u2022 Numerosi moduli specifici per il commercio all\u2019ingrosso<br \/>\u2022 Community attiva e risorse in italiano<br \/><strong>Contro:<\/strong><br \/>\u2022 Richiede competenze tecniche per sfruttarne il potenziale<br \/>\u2022 Aggiornamenti talvolta complessi<\/p><h3><br \/>Magento (Adobe Commerce)<\/h3><p>Magento \u00e8 la soluzione enterprise per eccellenza. Offre funzionalit\u00e0 native avanzate per il B2B, come cataloghi personalizzati, ordini rapidi e gestione utenti per azienda.<br \/><strong>Pro:<\/strong><br \/>\u2022 Estremamente potente e flessibile<br \/>\u2022 Pensato per grandi volumi e personalizzazioni<br \/>\u2022 Ottima integrazione con strumenti Adobe<br \/><strong>Contro:<\/strong><br \/>\u2022 Costi di sviluppo e manutenzione elevati<br \/>\u2022 Richiede server performanti<\/p><h3><br \/>Shopify<\/h3><p>Shopify \u00e8 una piattaforma semplice e affidabile. Per il B2B \u00e8 necessario usare Shopify Plus, che include funzionalit\u00e0 pensate per aziende strutturate.<br \/><strong>Pro:<\/strong><br \/>\u2022 Hosting incluso e alta affidabilit\u00e0<br \/>\u2022 Interfaccia intuitiva<br \/>\u2022 Tempi di messa online molto rapidi<br \/><strong>Contro:<\/strong><br \/>\u2022 Personalizzazione limitata rispetto ad altre piattaforme<br \/>\u2022 Alcune funzionalit\u00e0 B2B richiedono app a pagamento<\/p><h3><br \/>Soluzioni custom<\/h3><p>Per aziende con esigenze complesse, una soluzione sviluppata su misura rappresenta l\u2019unica strada.\u00a0<br \/><strong>Pro:<\/strong><br \/>\u2022 Massima aderenza ai flussi aziendali<br \/>\u2022 Piena libert\u00e0 tecnologica e di design<br \/><strong>Contro:<\/strong><br \/>\u2022 Costi di sviluppo elevati<br \/>\u2022 Tempi lunghi per andare online<\/p><p>\u00a0<\/p>\t\t\t\t\t\t\t\t<\/div>\n\t\t\t\t<\/div>\n\t\t\t\t\t<\/div>\n\t\t<\/div>\n\t\t\t\t\t<\/div>\n\t\t<\/section>\n\t\t\t\t<section class=\"elementor-section elementor-top-section elementor-element elementor-element-190ff02 elementor-section-boxed elementor-section-height-default elementor-section-height-default\" data-id=\"190ff02\" data-element_type=\"section\">\n\t\t\t\t\t\t<div class=\"elementor-container elementor-column-gap-default\">\n\t\t\t\t\t<div class=\"elementor-column elementor-col-100 elementor-top-column elementor-element elementor-element-7775d18\" data-id=\"7775d18\" data-element_type=\"column\">\n\t\t\t<div class=\"elementor-widget-wrap elementor-element-populated\">\n\t\t\t\t\t\t<div class=\"elementor-element elementor-element-4a0c64e elementor-widget elementor-widget-heading\" data-id=\"4a0c64e\" data-element_type=\"widget\" data-widget_type=\"heading.default\">\n\t\t\t\t<div class=\"elementor-widget-container\">\n\t\t\t\t\t<h2 class=\"elementor-heading-title elementor-size-default\">Quando scegliere una piattaforma su misura<\/h2>\t\t\t\t<\/div>\n\t\t\t\t<\/div>\n\t\t\t\t\t<\/div>\n\t\t<\/div>\n\t\t\t\t\t<\/div>\n\t\t<\/section>\n\t\t\t\t<section class=\"elementor-section elementor-top-section elementor-element elementor-element-cef9fa0 elementor-section-boxed elementor-section-height-default elementor-section-height-default\" data-id=\"cef9fa0\" data-element_type=\"section\">\n\t\t\t\t\t\t<div class=\"elementor-container elementor-column-gap-default\">\n\t\t\t\t\t<div class=\"elementor-column elementor-col-100 elementor-top-column elementor-element elementor-element-95ea942\" data-id=\"95ea942\" data-element_type=\"column\">\n\t\t\t<div class=\"elementor-widget-wrap elementor-element-populated\">\n\t\t\t\t\t\t<div class=\"elementor-element elementor-element-d7c1781 elementor-widget elementor-widget-text-editor\" data-id=\"d7c1781\" data-element_type=\"widget\" data-widget_type=\"text-editor.default\">\n\t\t\t\t<div class=\"elementor-widget-container\">\n\t\t\t\t\t\t\t\t\t<p>Una piattaforma su misura \u00e8 indicata quando:<br \/>\u2022 Le logiche di business sono molto specifiche<br \/>\u2022 \u00c8 necessaria una integrazione profonda con ERP o sistemi di logistica proprietari<br \/>\u2022 I flussi d\u2019ordine devono seguire approvazioni multilivello o configurazioni complesse di prodotto<br \/>\u2022 Si prevede un\u2019evoluzione tecnologica fuori dagli schemi tradizionali<\/p>\t\t\t\t\t\t\t\t<\/div>\n\t\t\t\t<\/div>\n\t\t\t\t\t<\/div>\n\t\t<\/div>\n\t\t\t\t\t<\/div>\n\t\t<\/section>\n\t\t\t\t<section class=\"elementor-section elementor-top-section elementor-element elementor-element-f739df2 elementor-section-boxed elementor-section-height-default elementor-section-height-default\" data-id=\"f739df2\" data-element_type=\"section\">\n\t\t\t\t\t\t<div class=\"elementor-container elementor-column-gap-default\">\n\t\t\t\t\t<div class=\"elementor-column elementor-col-100 elementor-top-column elementor-element elementor-element-9beac17\" data-id=\"9beac17\" data-element_type=\"column\">\n\t\t\t<div class=\"elementor-widget-wrap elementor-element-populated\">\n\t\t\t\t\t\t<div class=\"elementor-element elementor-element-09c9dfc elementor-widget elementor-widget-heading\" data-id=\"09c9dfc\" data-element_type=\"widget\" data-widget_type=\"heading.default\">\n\t\t\t\t<div class=\"elementor-widget-container\">\n\t\t\t\t\t<h2 class=\"elementor-heading-title elementor-size-default\">Integrazioni strategiche: ERP, CRM, API<\/h2>\t\t\t\t<\/div>\n\t\t\t\t<\/div>\n\t\t\t\t\t<\/div>\n\t\t<\/div>\n\t\t\t\t\t<\/div>\n\t\t<\/section>\n\t\t\t\t<section class=\"elementor-section elementor-top-section elementor-element elementor-element-9ac8965 elementor-section-boxed elementor-section-height-default elementor-section-height-default\" data-id=\"9ac8965\" data-element_type=\"section\">\n\t\t\t\t\t\t<div class=\"elementor-container elementor-column-gap-default\">\n\t\t\t\t\t<div class=\"elementor-column elementor-col-100 elementor-top-column elementor-element elementor-element-ee2304f\" data-id=\"ee2304f\" data-element_type=\"column\">\n\t\t\t<div class=\"elementor-widget-wrap elementor-element-populated\">\n\t\t\t\t\t\t<div class=\"elementor-element elementor-element-b305db4 elementor-widget elementor-widget-text-editor\" data-id=\"b305db4\" data-element_type=\"widget\" data-widget_type=\"text-editor.default\">\n\t\t\t\t<div class=\"elementor-widget-container\">\n\t\t\t\t\t\t\t\t\t<p>In un contesto B2B, le integrazioni con i sistemi aziendali non sono un extra, ma un pilastro. Una buona piattaforma deve offrire API RESTful (o GraphQL), connettori per ERP come SAP o Zucchetti, CRM come Salesforce, strumenti di marketing automation e piattaforme di logistica.<br \/>Queste integrazioni permettono di:<br \/>\u2022 Automatizzare i processi di vendita<br \/>\u2022 Ridurre gli errori manuali<br \/>\u2022 Fornire esperienze d\u2019acquisto coerenti<br \/>\u2022 Gestire meglio stock, fatturazione e tracciamento<\/p>\t\t\t\t\t\t\t\t<\/div>\n\t\t\t\t<\/div>\n\t\t\t\t\t<\/div>\n\t\t<\/div>\n\t\t\t\t\t<\/div>\n\t\t<\/section>\n\t\t\t\t<section class=\"elementor-section elementor-top-section elementor-element elementor-element-39f03b8 elementor-section-boxed elementor-section-height-default elementor-section-height-default\" data-id=\"39f03b8\" data-element_type=\"section\">\n\t\t\t\t\t\t<div class=\"elementor-container elementor-column-gap-default\">\n\t\t\t\t\t<div class=\"elementor-column elementor-col-100 elementor-top-column elementor-element elementor-element-8297321\" data-id=\"8297321\" data-element_type=\"column\">\n\t\t\t<div class=\"elementor-widget-wrap elementor-element-populated\">\n\t\t\t\t\t\t<div class=\"elementor-element elementor-element-c2e17fa elementor-widget elementor-widget-heading\" data-id=\"c2e17fa\" data-element_type=\"widget\" data-widget_type=\"heading.default\">\n\t\t\t\t<div class=\"elementor-widget-container\">\n\t\t\t\t\t<h2 class=\"elementor-heading-title elementor-size-default\">Conclusioni e suggerimenti operativi<\/h2>\t\t\t\t<\/div>\n\t\t\t\t<\/div>\n\t\t\t\t\t<\/div>\n\t\t<\/div>\n\t\t\t\t\t<\/div>\n\t\t<\/section>\n\t\t\t\t<section class=\"elementor-section elementor-top-section elementor-element elementor-element-2cd5054 elementor-section-boxed elementor-section-height-default elementor-section-height-default\" data-id=\"2cd5054\" data-element_type=\"section\">\n\t\t\t\t\t\t<div class=\"elementor-container elementor-column-gap-default\">\n\t\t\t\t\t<div class=\"elementor-column elementor-col-100 elementor-top-column elementor-element elementor-element-4b43454\" data-id=\"4b43454\" data-element_type=\"column\">\n\t\t\t<div class=\"elementor-widget-wrap elementor-element-populated\">\n\t\t\t\t\t\t<div class=\"elementor-element elementor-element-bc3f617 elementor-widget elementor-widget-text-editor\" data-id=\"bc3f617\" data-element_type=\"widget\" data-widget_type=\"text-editor.default\">\n\t\t\t\t<div class=\"elementor-widget-container\">\n\t\t\t\t\t\t\t\t\t<p>Non esiste una piattaforma e-commerce B2B perfetta per tutti. La scelta deve basarsi su:<br \/>\u2022 Dimensioni e maturit\u00e0 digitale dell\u2019azienda<br \/>\u2022 Obiettivi di crescita<br \/>\u2022 Budget disponibile<br \/>\u2022 Competenze interne o supporto esterno<br \/>PrestaShop e Magento sono le scelte pi\u00f9 complete per il B2B, WooCommerce \u00e8 valido per progetti semplici, mentre Shopify Plus funziona bene in ambiti meno personalizzati. Le soluzioni custom sono ideali per chi vuole controllare ogni aspetto del proprio business online.<br \/>Valuta attentamente i tuoi bisogni, confronta costi e benefici e affidati a professionisti che conoscano sia il mondo B2B che quello digitale. Il futuro del commercio tra aziende passa (anche) dalla piattaforma giusta.<\/p><p>\u00a0<\/p>\t\t\t\t\t\t\t\t<\/div>\n\t\t\t\t<\/div>\n\t\t\t\t\t<\/div>\n\t\t<\/div>\n\t\t\t\t\t<\/div>\n\t\t<\/section>\n\t\t\t\t<\/div>\n\t\t","protected":false},"excerpt":{"rendered":"<p>A differenza del B2C, dove la velocit\u00e0 d&#8217;acquisto e l\u2019emozionalit\u00e0 del brand contano molto, il B2B si basa su processi decisionali pi\u00f9 lunghi, su volumi e logiche d&#8217;acquisto differenti, e spesso su relazioni consolidate. Ecco perch\u00e9 una piattaforma B2B deve offrire flessibilit\u00e0, scalabilit\u00e0 e integrazione con altri sistemi aziendali. Cos&#8217;\u00e8 una piattaforma e-commerce B2B Una [&hellip;]<\/p>\n","protected":false},"author":1,"featured_media":0,"parent":0,"menu_order":0,"comment_status":"closed","ping_status":"closed","template":"sales-performance.php","meta":{"inline_featured_image":false,"footnotes":""},"class_list":["post-18677","page","type-page","status-publish","hentry"],"_links":{"self":[{"href":"https:\/\/elwood.agency\/it\/wp-json\/wp\/v2\/pages\/18677","targetHints":{"allow":["GET"]}}],"collection":[{"href":"https:\/\/elwood.agency\/it\/wp-json\/wp\/v2\/pages"}],"about":[{"href":"https:\/\/elwood.agency\/it\/wp-json\/wp\/v2\/types\/page"}],"author":[{"embeddable":true,"href":"https:\/\/elwood.agency\/it\/wp-json\/wp\/v2\/users\/1"}],"replies":[{"embeddable":true,"href":"https:\/\/elwood.agency\/it\/wp-json\/wp\/v2\/comments?post=18677"}],"version-history":[{"count":0,"href":"https:\/\/elwood.agency\/it\/wp-json\/wp\/v2\/pages\/18677\/revisions"}],"wp:attachment":[{"href":"https:\/\/elwood.agency\/it\/wp-json\/wp\/v2\/media?parent=18677"}],"curies":[{"name":"wp","href":"https:\/\/api.w.org\/{rel}","templated":true}]}}